{"id":850,"date":"2021-01-09T11:12:40","date_gmt":"2021-01-09T11:12:40","guid":{"rendered":"https:\/\/amacreama.com\/?post_type=product&#038;p=850"},"modified":"2023-06-27T08:48:31","modified_gmt":"2023-06-27T08:48:31","slug":"segells-de-logos","status":"publish","type":"product","link":"https:\/\/amacreama.com\/es\/producto\/sellos-de-logos\/","title":{"rendered":"Sellos por encargo"},"content":{"rendered":"<p>[et_pb_section fb_built=\u201d1\u2033 _builder_version=\u201d3.22\u2033 custom_padding=\u201d0px||||false|false\u201d global_colors_info=\u201d{}\u201d][et_pb_row _builder_version=\u201d3.25\u2033 background_size=\u201dinitial\u201d background background_repeat=\u201drepeat\u201d width=\u201d100%\u201d custom_padding=\u201d0px||0px||false|false\u201d global_colors_info=\u201d{}\u201d][et_pb_column type=\u201d4_4\u2033 _builder_version=\u201d3.25\u2033 custom_padding= global_colors_info=\u201d{}\u201d custom_padding__hover=\u201d|||\u201d][et_pb_wc_breadcrumb _builder_version=\u201d3.0.47\u2033 global_colors_info=\u201d{}\u201d][\/et_pb_wc_breadcrumb][et_pb_wc_cart_ global_colors_info=\u201d{}\u201d][\/et_pb_wc_cart_notice][\/et_pb_column][\/et_pb_row][et_pb_row column_structure=\u201d1_2,1_2\u2033 _builder_version=\u201d3.25\u2033 background_size=\u201dinitial\u201d background_position= width=\u201d100%\u201d custom_padding=\u201d0px||||false|false\u201d global_colors_info=\u201d{}\u201d][et_pb_column type=\u201d1_2\u2033 _builder_version=\u201d3.25\u2033 custom_padding=\u201d|||\u201d global_colors_info=\u201d{}\u201d custom_padding__hover=\u201d|||\u201d][et_pb_wc_images _builder_version=\u201d3.0.47\u2033 global_colors_info=\u201d{}\u201d][\/et_pb_wc_images][\/et_pb_column][et_pb_column\u2033== custom_padding=\u201d|||\u201d global_colors_info=\u201d{}\u201d custom_padding__hover=\u201d|||\u201d][et_pb_wc_title _builder_version=\u201d3.0.47\u2033 global_colors_info=\u201d{}\u201d][\/et_pb_wc_title][et_pb_wc_rating _builder_version= global_colors_info=\u201d{}\u201d][\/et_pb_wc_rating][et_pb_wc_price _builder_version=\u201d4.13.1\u2033 body_text_color=\u201d#76A79E\u201d global_colors_info=\u201d{}\u201d][\/et_pb_wc_priion][et _builder_version=\u201d3.0.47\u2033 global_colors_info=\u201d{}\u201d][\/et_pb_wc_description][et_pb_wc_add_to_cart global_colors_info=\u201d{}\u201d][\/et_pb_wc_add_to_cart][et_pb_wc_. global_colors_info=\u201d{}\u201d][\/et_pb_wc_meta][\/et_pb_column][\/et_pb_row][et_pb_row _builder_version=\u201d3.25\u2033 background_size=\u201dinitial\u201d background_position=\u201dtop_left\u201d background_repeat=\u201drepeat\u201d global_colors_info=\u201d{}\u201d][et_pb_column type=\u201d4_4\u2033 _builder_version=\u201d3.25\u2033 custom_padding=\u201d|||\u201d global_colors_info=\u201d{}\u201d custom_padding__hover=\u201d|||\u201d][et_pb_wc_tabs _builder_version=\u201d3.0.47\u2033 global_colors_info=\u201d{}\u201d] [\/et_pb_wc_tabs][et_pb_wc_upsells _builder_version. global_colors_info=\u201d{}\u201d][\/et_pb_wc_upsells][et_pb_wc_related_products _builder_version=\u201d3.0.47\u2033 global_colors_info=\u201d{}\u201d][\/et_pb_wc_related_products][\/et_pb_column][\/et_<\/p>","protected":false},"excerpt":{"rendered":"<p>\u00bfNecesitas un sello para las invitaciones de tu boda, para realizar un regalo o estampar el packaging con tu logo de marca? \u00a1Ens\u00e9\u00f1ame tu dise\u00f1o y hablamos!<\/p>\n<p>Si no tienes claro el dise\u00f1o que quieres, pero s\u00ed tienes alguna idea; ens\u00e9\u00f1amela y yo te trato de dise\u00f1ar la imagen con las directrices que quieres!<\/p>\n<p>Los precios que vas a encontrar aqu\u00ed est\u00e1n pensados para un sello con un dise\u00f1o ya dise\u00f1ado. Si necesitas que dibuje tu idea, el precio puede variar un poco. Es por eso que si quieres que te d\u00e9 m\u00e1s informaci\u00f3n puedes escribirme un mail a ama.creama@gmail.com<\/p>\n<p>&nbsp;<\/p>","protected":false},"featured_media":859,"template":"","meta":{"_et_pb_use_builder":"on","_et_pb_old_content":"","_et_gb_content_width":""},"product_brand":[],"product_cat":[45],"product_tag":[],"class_list":{"0":"post-850","1":"product","2":"type-product","3":"status-publish","4":"has-post-thumbnail","6":"product_cat-segells","8":"first","9":"instock","10":"taxable","11":"shipping-taxable","12":"purchasable","13":"product-type-variable"},"yoast_head":"<!-- This site is optimized with the Yoast SEO plugin v27.6 - https:\/\/yoast.com\/product\/yoast-seo-wordpress\/ -->\n<title>Segells per enc\u00e0rrec | Amacreama<\/title>\n<meta name=\"robots\" content=\"index, follow, max-snippet:-1, max-image-preview:large, max-video-preview:-1\" \/>\n<link rel=\"canonical\" href=\"https:\/\/amacreama.com\/es\/producto\/sellos-de-logos\/\" \/>\n<meta property=\"og:locale\" content=\"es_ES\" \/>\n<meta property=\"og:type\" content=\"article\" \/>\n<meta property=\"og:title\" content=\"Segells per enc\u00e0rrec | Amacreama\" \/>\n<meta property=\"og:description\" content=\"Necessites un segell per les invitacions de la teva boda, per fer un regal o estampar el packaging amb el teu logo de marca? Ensenya&#039;m el teu disseny i en parlem!  Si no tens clar el disseny que vols, per\u00f2 si que tens alguna idea; ensenya-me-la i jo et miro de dissenyar la imatge amb les directrius que vols!  Els preus que trobar\u00e0s aqu\u00ed estan pensats per un segell amb un disseny ja dissenyat. Si\u00a0necessites que dibuixi la teva idea el preu pot variar una mica. \u00c9s per aix\u00f2 que si vols que et doni m\u00e9s informaci\u00f3 em pots escriure un mail a ama.creama@gmail.com  &nbsp;\" \/>\n<meta property=\"og:url\" content=\"https:\/\/amacreama.com\/es\/producto\/sellos-de-logos\/\" \/>\n<meta property=\"og:site_name\" content=\"Amacreama\" \/>\n<meta property=\"article:modified_time\" content=\"2023-06-27T08:48:31+00:00\" \/>\n<meta property=\"og:image\" content=\"https:\/\/amacreama.com\/wp-content\/uploads\/2021\/01\/ombra-5.jpg\" \/>\n\t<meta property=\"og:image:width\" content=\"500\" \/>\n\t<meta property=\"og:image:height\" content=\"500\" \/>\n\t<meta property=\"og:image:type\" content=\"image\/jpeg\" \/>\n<meta name=\"twitter:card\" content=\"summary_large_image\" \/>\n<meta name=\"twitter:label1\" content=\"Tiempo de lectura\" \/>\n\t<meta name=\"twitter:data1\" content=\"2 minutos\" \/>\n<script type=\"application\/ld+json\" class=\"yoast-schema-graph\">{\"@context\":\"https:\\\/\\\/schema.org\",\"@graph\":[{\"@type\":\"WebPage\",\"@id\":\"https:\\\/\\\/amacreama.com\\\/producto\\\/segells-de-logos\\\/\",\"url\":\"https:\\\/\\\/amacreama.com\\\/producto\\\/segells-de-logos\\\/\",\"name\":\"Segells per enc\u00e0rrec | Amacreama\",\"isPartOf\":{\"@id\":\"https:\\\/\\\/amacreama.com\\\/en\\\/#website\"},\"primaryImageOfPage\":{\"@id\":\"https:\\\/\\\/amacreama.com\\\/producto\\\/segells-de-logos\\\/#primaryimage\"},\"image\":{\"@id\":\"https:\\\/\\\/amacreama.com\\\/producto\\\/segells-de-logos\\\/#primaryimage\"},\"thumbnailUrl\":\"https:\\\/\\\/amacreama.com\\\/wp-content\\\/uploads\\\/2021\\\/01\\\/ombra-5.jpg\",\"datePublished\":\"2021-01-09T11:12:40+00:00\",\"dateModified\":\"2023-06-27T08:48:31+00:00\",\"breadcrumb\":{\"@id\":\"https:\\\/\\\/amacreama.com\\\/producto\\\/segells-de-logos\\\/#breadcrumb\"},\"inLanguage\":\"es\",\"potentialAction\":[{\"@type\":\"ReadAction\",\"target\":[\"https:\\\/\\\/amacreama.com\\\/producto\\\/segells-de-logos\\\/\"]}]},{\"@type\":\"ImageObject\",\"inLanguage\":\"es\",\"@id\":\"https:\\\/\\\/amacreama.com\\\/producto\\\/segells-de-logos\\\/#primaryimage\",\"url\":\"https:\\\/\\\/amacreama.com\\\/wp-content\\\/uploads\\\/2021\\\/01\\\/ombra-5.jpg\",\"contentUrl\":\"https:\\\/\\\/amacreama.com\\\/wp-content\\\/uploads\\\/2021\\\/01\\\/ombra-5.jpg\",\"width\":500,\"height\":500},{\"@type\":\"BreadcrumbList\",\"@id\":\"https:\\\/\\\/amacreama.com\\\/producto\\\/segells-de-logos\\\/#breadcrumb\",\"itemListElement\":[{\"@type\":\"ListItem\",\"position\":1,\"name\":\"Home\",\"item\":\"https:\\\/\\\/amacreama.com\\\/\"},{\"@type\":\"ListItem\",\"position\":2,\"name\":\"Botiga\",\"item\":\"https:\\\/\\\/amacreama.com\\\/botiga\\\/\"},{\"@type\":\"ListItem\",\"position\":3,\"name\":\"Segells per enc\u00e0rrec\"}]},{\"@type\":\"WebSite\",\"@id\":\"https:\\\/\\\/amacreama.com\\\/en\\\/#website\",\"url\":\"https:\\\/\\\/amacreama.com\\\/en\\\/\",\"name\":\"Amacreama\",\"description\":\"amacreama\",\"publisher\":{\"@id\":\"https:\\\/\\\/amacreama.com\\\/en\\\/#organization\"},\"potentialAction\":[{\"@type\":\"SearchAction\",\"target\":{\"@type\":\"EntryPoint\",\"urlTemplate\":\"https:\\\/\\\/amacreama.com\\\/en\\\/?s={search_term_string}\"},\"query-input\":{\"@type\":\"PropertyValueSpecification\",\"valueRequired\":true,\"valueName\":\"search_term_string\"}}],\"inLanguage\":\"es\"},{\"@type\":\"Organization\",\"@id\":\"https:\\\/\\\/amacreama.com\\\/en\\\/#organization\",\"name\":\"Ama Creama\",\"url\":\"https:\\\/\\\/amacreama.com\\\/en\\\/\",\"logo\":{\"@type\":\"ImageObject\",\"inLanguage\":\"es\",\"@id\":\"https:\\\/\\\/amacreama.com\\\/en\\\/#\\\/schema\\\/logo\\\/image\\\/\",\"url\":\"https:\\\/\\\/amacreama.com\\\/wp-content\\\/uploads\\\/2020\\\/04\\\/logoop.jpg\",\"contentUrl\":\"https:\\\/\\\/amacreama.com\\\/wp-content\\\/uploads\\\/2020\\\/04\\\/logoop.jpg\",\"width\":459,\"height\":230,\"caption\":\"Ama Creama\"},\"image\":{\"@id\":\"https:\\\/\\\/amacreama.com\\\/en\\\/#\\\/schema\\\/logo\\\/image\\\/\"}}]}<\/script>\n<!-- \/ Yoast SEO plugin. -->","yoast_head_json":{"title":"Segells per enc\u00e0rrec | Amacreama","robots":{"index":"index","follow":"follow","max-snippet":"max-snippet:-1","max-image-preview":"max-image-preview:large","max-video-preview":"max-video-preview:-1"},"canonical":"https:\/\/amacreama.com\/es\/producto\/sellos-de-logos\/","og_locale":"es_ES","og_type":"article","og_title":"Segells per enc\u00e0rrec | Amacreama","og_description":"Necessites un segell per les invitacions de la teva boda, per fer un regal o estampar el packaging amb el teu logo de marca? Ensenya'm el teu disseny i en parlem!  Si no tens clar el disseny que vols, per\u00f2 si que tens alguna idea; ensenya-me-la i jo et miro de dissenyar la imatge amb les directrius que vols!  Els preus que trobar\u00e0s aqu\u00ed estan pensats per un segell amb un disseny ja dissenyat. Si\u00a0necessites que dibuixi la teva idea el preu pot variar una mica. \u00c9s per aix\u00f2 que si vols que et doni m\u00e9s informaci\u00f3 em pots escriure un mail a ama.creama@gmail.com  &nbsp;","og_url":"https:\/\/amacreama.com\/es\/producto\/sellos-de-logos\/","og_site_name":"Amacreama","article_modified_time":"2023-06-27T08:48:31+00:00","og_image":[{"width":500,"height":500,"url":"https:\/\/amacreama.com\/wp-content\/uploads\/2021\/01\/ombra-5.jpg","type":"image\/jpeg"}],"twitter_card":"summary_large_image","twitter_misc":{"Tiempo de lectura":"2 minutos"},"schema":{"@context":"https:\/\/schema.org","@graph":[{"@type":"WebPage","@id":"https:\/\/amacreama.com\/producto\/segells-de-logos\/","url":"https:\/\/amacreama.com\/producto\/segells-de-logos\/","name":"Segells per enc\u00e0rrec | Amacreama","isPartOf":{"@id":"https:\/\/amacreama.com\/en\/#website"},"primaryImageOfPage":{"@id":"https:\/\/amacreama.com\/producto\/segells-de-logos\/#primaryimage"},"image":{"@id":"https:\/\/amacreama.com\/producto\/segells-de-logos\/#primaryimage"},"thumbnailUrl":"https:\/\/amacreama.com\/wp-content\/uploads\/2021\/01\/ombra-5.jpg","datePublished":"2021-01-09T11:12:40+00:00","dateModified":"2023-06-27T08:48:31+00:00","breadcrumb":{"@id":"https:\/\/amacreama.com\/producto\/segells-de-logos\/#breadcrumb"},"inLanguage":"es","potentialAction":[{"@type":"ReadAction","target":["https:\/\/amacreama.com\/producto\/segells-de-logos\/"]}]},{"@type":"ImageObject","inLanguage":"es","@id":"https:\/\/amacreama.com\/producto\/segells-de-logos\/#primaryimage","url":"https:\/\/amacreama.com\/wp-content\/uploads\/2021\/01\/ombra-5.jpg","contentUrl":"https:\/\/amacreama.com\/wp-content\/uploads\/2021\/01\/ombra-5.jpg","width":500,"height":500},{"@type":"BreadcrumbList","@id":"https:\/\/amacreama.com\/producto\/segells-de-logos\/#breadcrumb","itemListElement":[{"@type":"ListItem","position":1,"name":"Home","item":"https:\/\/amacreama.com\/"},{"@type":"ListItem","position":2,"name":"Botiga","item":"https:\/\/amacreama.com\/botiga\/"},{"@type":"ListItem","position":3,"name":"Segells per enc\u00e0rrec"}]},{"@type":"WebSite","@id":"https:\/\/amacreama.com\/en\/#website","url":"https:\/\/amacreama.com\/en\/","name":"Amacreama","description":"amacreama","publisher":{"@id":"https:\/\/amacreama.com\/en\/#organization"},"potentialAction":[{"@type":"SearchAction","target":{"@type":"EntryPoint","urlTemplate":"https:\/\/amacreama.com\/en\/?s={search_term_string}"},"query-input":{"@type":"PropertyValueSpecification","valueRequired":true,"valueName":"search_term_string"}}],"inLanguage":"es"},{"@type":"Organization","@id":"https:\/\/amacreama.com\/en\/#organization","name":"Ama Creama","url":"https:\/\/amacreama.com\/en\/","logo":{"@type":"ImageObject","inLanguage":"es","@id":"https:\/\/amacreama.com\/en\/#\/schema\/logo\/image\/","url":"https:\/\/amacreama.com\/wp-content\/uploads\/2020\/04\/logoop.jpg","contentUrl":"https:\/\/amacreama.com\/wp-content\/uploads\/2020\/04\/logoop.jpg","width":459,"height":230,"caption":"Ama Creama"},"image":{"@id":"https:\/\/amacreama.com\/en\/#\/schema\/logo\/image\/"}}]}},"jetpack_sharing_enabled":true,"_links":{"self":[{"href":"https:\/\/amacreama.com\/es\/wp-json\/wp\/v2\/product\/850","targetHints":{"allow":["GET"]}}],"collection":[{"href":"https:\/\/amacreama.com\/es\/wp-json\/wp\/v2\/product"}],"about":[{"href":"https:\/\/amacreama.com\/es\/wp-json\/wp\/v2\/types\/product"}],"wp:featuredmedia":[{"embeddable":true,"href":"https:\/\/amacreama.com\/es\/wp-json\/wp\/v2\/media\/859"}],"wp:attachment":[{"href":"https:\/\/amacreama.com\/es\/wp-json\/wp\/v2\/media?parent=850"}],"wp:term":[{"taxonomy":"product_brand","embeddable":true,"href":"https:\/\/amacreama.com\/es\/wp-json\/wp\/v2\/product_brand?post=850"},{"taxonomy":"product_cat","embeddable":true,"href":"https:\/\/amacreama.com\/es\/wp-json\/wp\/v2\/product_cat?post=850"},{"taxonomy":"product_tag","embeddable":true,"href":"https:\/\/amacreama.com\/es\/wp-json\/wp\/v2\/product_tag?post=850"}],"curies":[{"name":"wp","href":"https:\/\/api.w.org\/{rel}","templated":true}]}}