{"id":3641,"date":"2025-05-30T10:11:05","date_gmt":"2025-05-30T08:11:05","guid":{"rendered":"https:\/\/amacreama.com\/?post_type=product&#038;p=3641"},"modified":"2025-12-20T14:55:16","modified_gmt":"2025-12-20T12:55:16","slug":"totebag-balenes-2","status":"publish","type":"product","link":"https:\/\/amacreama.com\/es\/producto\/totebag-ballenas-2\/","title":{"rendered":"Totebag Ballenas"},"content":{"rendered":"<p>[et_pb_section fb_built=\u201d1\u2033 _builder_version=\u201d4.16\u2033 custom_padding=\u201d0px||||false|false\u201d global_colors_info=\u201d{}\u201d][et_pb_row _builder_version=\u201d4.16\u2033 background_size=\u201dinitial\u201d background background_repeat=\u201drepeat\u201d width=\u201d100%\u201d custom_padding=\u201d0px||0px||false|false\u201d global_colors_info=\u201d{}\u201d][et_pb_column type=\u201d4_4\u2033 _builder_version=\u201d4.16\u2033 custom_padding= global_colors_info=\u201d{}\u201d custom_padding__hover=\u201d|||\u201d][et_pb_wc_breadcrumb _builder_version=\u201d4.16\u2033 global_colors_info=\u201d{}\u201d][\/et_pb_wc_breadcrumb][et_pb_wc_cart_notice global_colors_info=\u201d{}\u201d][\/et_pb_wc_cart_notice][\/et_pb_column][\/et_pb_row][et_pb_row column_structure=\u201d1_2,1_2\u2033 _builder_version=\u201d4.16\u2033 background_size=\u201dinitial\u201d background_position= width=\u201d100%\u201d custom_padding=\u201d0px||||false|false\u201d global_colors_info=\u201d{}\u201d][et_pb_column type=\u201d1_2\u2033 _builder_version=\u201d4.16\u2033 custom_padding=\u201d|||\u201d global_colors_info=\u201d{}\u201d custom_padding__hover=\u201d|||\u201d][et_pb_wc_images _builder_version=\u201d4.16\u2033 global_colors_info=\u201d{}\u201d][\/et_pb_wc_images][\/et_pb_column][et_pb_column type=\u201d. custom_padding=\u201d|||\u201d global_colors_info=\u201d{}\u201d custom_padding__hover=\u201d|||\u201d][et_pb_wc_title _builder_version=\u201d4.16\u2033 global_colors_info=\u201d{}\u201d][\/et_pb_wc_title][et_pb_wc_rating _builder_version=\u201d. global_colors_info=\u201d{}\u201d][\/et_pb_wc_rating][et_pb_wc_price _builder_version=\u201d4.16\u2033 global_colors_info=\u201d{}\u201d][\/et_pb_wc_price][et_pb_wc_description _builder_version=\u201d4. global_colors_info=\u201d{}\u201d][\/et_pb_wc_description][et_pb_wc_add_to_cart _builder_version=\u201d4.16\u2033 global_colors_info=\u201d{}\u201d][\/et_pb_wc_add_to_cart][et_pb_wc_meta global_colors_info=\u201d{}\u201d][\/et_pb_wc_meta][\/et_pb_column][\/et_pb_row][et_pb_row _builder_version=\u201d4.16\u2033 background_size=\u201dinitial\u201d background_position=\u201dtop_left\u201d background_repeat=\u201drepeat\u201d global_colors_info=\u201d{}\u201d][et_pb_column type=\u201d4_4\u2033 _builder_version=\u201d4.16\u2033 custom_padding=\u201d|||\u201d global_colors_info=\u201d{}\u201d custom_padding__hover=\u201d|||\u201d][et_pb_wc_tabs _builder_version=\u201d4.16\u2033 global_colors_info=\u201d{}\u201d] [\/et_pb_wc_tabs][et_pb_wc_upsells _builder_version=\u201d global_colors_info=\u201d{}\u201d][\/et_pb_wc_upsells][et_pb_wc_related_products _builder_version=\u201d4.16\u2033 title_font_size=\u201d20px\u201d product_title_font_size=\u201d15px\u201d global_colors_info=\u201d{}\u201d][\/et_pb_wc_related_products][\/et_pb_column][\/et_pb_row][\/et_pb_section]<\/p>","protected":false},"excerpt":{"rendered":"<p>Totebag estampada manualmente con serigraf\u00eda en color azul oscuro sobre teja.<\/p>\n<ul>\n<li>Bolsa de algod\u00f3n natural<\/li>\n<li>Dise\u00f1o de ballenas<\/li>\n<li>Estampada con serigraf\u00eda manual<\/li>\n<li>Dise\u00f1o delicado y oce\u00e1nico inspirado en el fondo marino<\/li>\n<li>Ideal para regalar a amantes del mundo submarino<\/li>\n<li>Producida con cuidado y respeto por el medio ambiente<\/li>\n<li>Perfecta por un uso cotidiano<\/li>\n<\/ul>\n<p>* Se trata de un proceso artesanal y, por tanto, no se trabaja con grandes producciones sino que cada vez se producen pocas unidades. Es por eso que si no hay stock puedes reservarla. En cuanto reciba tu reserva, me pondr\u00e9 manos a la obra a estamparla.<\/p>","protected":false},"featured_media":3596,"template":"","meta":{"_et_pb_use_builder":"on","_et_pb_old_content":"<h2>Totebag inspirada en la majestuositat del m\u00f3n mar\u00ed<\/h2>\r\nAquesta bossa de cot\u00f3 natural mostra una il\u00b7lustraci\u00f3 de balenes navegant lliures. Una oda visual a aquests animals imponents i a l\u2019equilibri dels ecosistemes marins.\r\n<h2>Estampaci\u00f3 manual i disseny amb intenci\u00f3<\/h2>\r\nCadascuna ha estat estampada a m\u00e0 amb serigrafia, donant import\u00e0ncia a cada detall i tra\u00e7. El proc\u00e9s artes\u00e0 aporta autenticitat i una est\u00e8tica natural i cuidada.\r\n<h2>Una tote bag art\u00edstica i funcional<\/h2>\r\nIdeal per a persones apassionades per l\u2019oce\u00e0, la fauna marina i la creativitat sostenible. F\u00e0cil de portar i perfecta per a \u00fas diari o com a regal conscient.","_et_gb_content_width":""},"product_brand":[],"product_cat":[287,43],"product_tag":[],"class_list":{"0":"post-3641","1":"product","2":"type-product","3":"status-publish","4":"has-post-thumbnail","6":"product_cat-textils","7":"product_cat-totebags","9":"first","10":"instock","11":"taxable","12":"shipping-taxable","13":"purchasable","14":"product-type-simple"},"yoast_head":"<!-- This site is optimized with the Yoast SEO plugin v27.4 - https:\/\/yoast.com\/product\/yoast-seo-wordpress\/ -->\n<title>Totebag Balenes | Amacreama<\/title>\n<meta name=\"description\" content=\"Tote bag amb disseny de balenes, estampada a m\u00e0 amb serigrafia. Bossa de cot\u00f3, perfecta per a amants de l\u2019oce\u00e0. Producte artesanal i sostenible.\" \/>\n<meta name=\"robots\" content=\"index, follow, max-snippet:-1, max-image-preview:large, max-video-preview:-1\" \/>\n<link rel=\"canonical\" href=\"https:\/\/amacreama.com\/es\/producto\/totebag-ballenas-2\/\" \/>\n<meta property=\"og:locale\" content=\"es_ES\" \/>\n<meta property=\"og:type\" content=\"article\" \/>\n<meta property=\"og:title\" content=\"Totebag Balenes | Amacreama\" \/>\n<meta property=\"og:description\" content=\"Tote bag amb disseny de balenes, estampada a m\u00e0 amb serigrafia. Bossa de cot\u00f3, perfecta per a amants de l\u2019oce\u00e0. Producte artesanal i sostenible.\" \/>\n<meta property=\"og:url\" content=\"https:\/\/amacreama.com\/es\/producto\/totebag-ballenas-2\/\" \/>\n<meta property=\"og:site_name\" content=\"Amacreama\" \/>\n<meta property=\"article:modified_time\" content=\"2025-12-20T12:55:16+00:00\" \/>\n<meta property=\"og:image\" content=\"https:\/\/amacreama.com\/wp-content\/uploads\/2021\/11\/Totebag-ballenas-beige2.jpg\" \/>\n\t<meta property=\"og:image:width\" content=\"1600\" \/>\n\t<meta property=\"og:image:height\" content=\"1200\" \/>\n\t<meta property=\"og:image:type\" content=\"image\/jpeg\" \/>\n<meta name=\"twitter:card\" content=\"summary_large_image\" \/>\n<meta name=\"twitter:label1\" content=\"Tiempo de lectura\" \/>\n\t<meta name=\"twitter:data1\" content=\"2 minutos\" \/>\n<script type=\"application\/ld+json\" class=\"yoast-schema-graph\">{\"@context\":\"https:\\\/\\\/schema.org\",\"@graph\":[{\"@type\":\"WebPage\",\"@id\":\"https:\\\/\\\/amacreama.com\\\/producto\\\/totebag-balenes-2\\\/\",\"url\":\"https:\\\/\\\/amacreama.com\\\/producto\\\/totebag-balenes-2\\\/\",\"name\":\"Totebag Balenes | Amacreama\",\"isPartOf\":{\"@id\":\"https:\\\/\\\/amacreama.com\\\/en\\\/#website\"},\"primaryImageOfPage\":{\"@id\":\"https:\\\/\\\/amacreama.com\\\/producto\\\/totebag-balenes-2\\\/#primaryimage\"},\"image\":{\"@id\":\"https:\\\/\\\/amacreama.com\\\/producto\\\/totebag-balenes-2\\\/#primaryimage\"},\"thumbnailUrl\":\"https:\\\/\\\/amacreama.com\\\/wp-content\\\/uploads\\\/2021\\\/11\\\/Totebag-ballenas-beige2.jpg\",\"datePublished\":\"2025-05-30T08:11:05+00:00\",\"dateModified\":\"2025-12-20T12:55:16+00:00\",\"description\":\"Tote bag amb disseny de balenes, estampada a m\u00e0 amb serigrafia. Bossa de cot\u00f3, perfecta per a amants de l\u2019oce\u00e0. Producte artesanal i sostenible.\",\"breadcrumb\":{\"@id\":\"https:\\\/\\\/amacreama.com\\\/producto\\\/totebag-balenes-2\\\/#breadcrumb\"},\"inLanguage\":\"es\",\"potentialAction\":[{\"@type\":\"ReadAction\",\"target\":[\"https:\\\/\\\/amacreama.com\\\/producto\\\/totebag-balenes-2\\\/\"]}]},{\"@type\":\"ImageObject\",\"inLanguage\":\"es\",\"@id\":\"https:\\\/\\\/amacreama.com\\\/producto\\\/totebag-balenes-2\\\/#primaryimage\",\"url\":\"https:\\\/\\\/amacreama.com\\\/wp-content\\\/uploads\\\/2021\\\/11\\\/Totebag-ballenas-beige2.jpg\",\"contentUrl\":\"https:\\\/\\\/amacreama.com\\\/wp-content\\\/uploads\\\/2021\\\/11\\\/Totebag-ballenas-beige2.jpg\",\"width\":1600,\"height\":1200},{\"@type\":\"BreadcrumbList\",\"@id\":\"https:\\\/\\\/amacreama.com\\\/producto\\\/totebag-balenes-2\\\/#breadcrumb\",\"itemListElement\":[{\"@type\":\"ListItem\",\"position\":1,\"name\":\"Home\",\"item\":\"https:\\\/\\\/amacreama.com\\\/\"},{\"@type\":\"ListItem\",\"position\":2,\"name\":\"Botiga\",\"item\":\"https:\\\/\\\/amacreama.com\\\/botiga\\\/\"},{\"@type\":\"ListItem\",\"position\":3,\"name\":\"Totebag Balenes\"}]},{\"@type\":\"WebSite\",\"@id\":\"https:\\\/\\\/amacreama.com\\\/en\\\/#website\",\"url\":\"https:\\\/\\\/amacreama.com\\\/en\\\/\",\"name\":\"Amacreama\",\"description\":\"amacreama\",\"publisher\":{\"@id\":\"https:\\\/\\\/amacreama.com\\\/en\\\/#organization\"},\"potentialAction\":[{\"@type\":\"SearchAction\",\"target\":{\"@type\":\"EntryPoint\",\"urlTemplate\":\"https:\\\/\\\/amacreama.com\\\/en\\\/?s={search_term_string}\"},\"query-input\":{\"@type\":\"PropertyValueSpecification\",\"valueRequired\":true,\"valueName\":\"search_term_string\"}}],\"inLanguage\":\"es\"},{\"@type\":\"Organization\",\"@id\":\"https:\\\/\\\/amacreama.com\\\/en\\\/#organization\",\"name\":\"Ama Creama\",\"url\":\"https:\\\/\\\/amacreama.com\\\/en\\\/\",\"logo\":{\"@type\":\"ImageObject\",\"inLanguage\":\"es\",\"@id\":\"https:\\\/\\\/amacreama.com\\\/en\\\/#\\\/schema\\\/logo\\\/image\\\/\",\"url\":\"https:\\\/\\\/amacreama.com\\\/wp-content\\\/uploads\\\/2020\\\/04\\\/logoop.jpg\",\"contentUrl\":\"https:\\\/\\\/amacreama.com\\\/wp-content\\\/uploads\\\/2020\\\/04\\\/logoop.jpg\",\"width\":459,\"height\":230,\"caption\":\"Ama Creama\"},\"image\":{\"@id\":\"https:\\\/\\\/amacreama.com\\\/en\\\/#\\\/schema\\\/logo\\\/image\\\/\"}}]}<\/script>\n<!-- \/ Yoast SEO plugin. -->","yoast_head_json":{"title":"Totebag Balenes | Amacreama","description":"Tote bag amb disseny de balenes, estampada a m\u00e0 amb serigrafia. Bossa de cot\u00f3, perfecta per a amants de l\u2019oce\u00e0. Producte artesanal i sostenible.","robots":{"index":"index","follow":"follow","max-snippet":"max-snippet:-1","max-image-preview":"max-image-preview:large","max-video-preview":"max-video-preview:-1"},"canonical":"https:\/\/amacreama.com\/es\/producto\/totebag-ballenas-2\/","og_locale":"es_ES","og_type":"article","og_title":"Totebag Balenes | Amacreama","og_description":"Tote bag amb disseny de balenes, estampada a m\u00e0 amb serigrafia. Bossa de cot\u00f3, perfecta per a amants de l\u2019oce\u00e0. Producte artesanal i sostenible.","og_url":"https:\/\/amacreama.com\/es\/producto\/totebag-ballenas-2\/","og_site_name":"Amacreama","article_modified_time":"2025-12-20T12:55:16+00:00","og_image":[{"width":1600,"height":1200,"url":"https:\/\/amacreama.com\/wp-content\/uploads\/2021\/11\/Totebag-ballenas-beige2.jpg","type":"image\/jpeg"}],"twitter_card":"summary_large_image","twitter_misc":{"Tiempo de lectura":"2 minutos"},"schema":{"@context":"https:\/\/schema.org","@graph":[{"@type":"WebPage","@id":"https:\/\/amacreama.com\/producto\/totebag-balenes-2\/","url":"https:\/\/amacreama.com\/producto\/totebag-balenes-2\/","name":"Totebag Balenes | Amacreama","isPartOf":{"@id":"https:\/\/amacreama.com\/en\/#website"},"primaryImageOfPage":{"@id":"https:\/\/amacreama.com\/producto\/totebag-balenes-2\/#primaryimage"},"image":{"@id":"https:\/\/amacreama.com\/producto\/totebag-balenes-2\/#primaryimage"},"thumbnailUrl":"https:\/\/amacreama.com\/wp-content\/uploads\/2021\/11\/Totebag-ballenas-beige2.jpg","datePublished":"2025-05-30T08:11:05+00:00","dateModified":"2025-12-20T12:55:16+00:00","description":"Tote bag amb disseny de balenes, estampada a m\u00e0 amb serigrafia. Bossa de cot\u00f3, perfecta per a amants de l\u2019oce\u00e0. Producte artesanal i sostenible.","breadcrumb":{"@id":"https:\/\/amacreama.com\/producto\/totebag-balenes-2\/#breadcrumb"},"inLanguage":"es","potentialAction":[{"@type":"ReadAction","target":["https:\/\/amacreama.com\/producto\/totebag-balenes-2\/"]}]},{"@type":"ImageObject","inLanguage":"es","@id":"https:\/\/amacreama.com\/producto\/totebag-balenes-2\/#primaryimage","url":"https:\/\/amacreama.com\/wp-content\/uploads\/2021\/11\/Totebag-ballenas-beige2.jpg","contentUrl":"https:\/\/amacreama.com\/wp-content\/uploads\/2021\/11\/Totebag-ballenas-beige2.jpg","width":1600,"height":1200},{"@type":"BreadcrumbList","@id":"https:\/\/amacreama.com\/producto\/totebag-balenes-2\/#breadcrumb","itemListElement":[{"@type":"ListItem","position":1,"name":"Home","item":"https:\/\/amacreama.com\/"},{"@type":"ListItem","position":2,"name":"Botiga","item":"https:\/\/amacreama.com\/botiga\/"},{"@type":"ListItem","position":3,"name":"Totebag Balenes"}]},{"@type":"WebSite","@id":"https:\/\/amacreama.com\/en\/#website","url":"https:\/\/amacreama.com\/en\/","name":"Amacreama","description":"amacreama","publisher":{"@id":"https:\/\/amacreama.com\/en\/#organization"},"potentialAction":[{"@type":"SearchAction","target":{"@type":"EntryPoint","urlTemplate":"https:\/\/amacreama.com\/en\/?s={search_term_string}"},"query-input":{"@type":"PropertyValueSpecification","valueRequired":true,"valueName":"search_term_string"}}],"inLanguage":"es"},{"@type":"Organization","@id":"https:\/\/amacreama.com\/en\/#organization","name":"Ama Creama","url":"https:\/\/amacreama.com\/en\/","logo":{"@type":"ImageObject","inLanguage":"es","@id":"https:\/\/amacreama.com\/en\/#\/schema\/logo\/image\/","url":"https:\/\/amacreama.com\/wp-content\/uploads\/2020\/04\/logoop.jpg","contentUrl":"https:\/\/amacreama.com\/wp-content\/uploads\/2020\/04\/logoop.jpg","width":459,"height":230,"caption":"Ama Creama"},"image":{"@id":"https:\/\/amacreama.com\/en\/#\/schema\/logo\/image\/"}}]}},"jetpack_sharing_enabled":true,"_links":{"self":[{"href":"https:\/\/amacreama.com\/es\/wp-json\/wp\/v2\/product\/3641","targetHints":{"allow":["GET"]}}],"collection":[{"href":"https:\/\/amacreama.com\/es\/wp-json\/wp\/v2\/product"}],"about":[{"href":"https:\/\/amacreama.com\/es\/wp-json\/wp\/v2\/types\/product"}],"wp:featuredmedia":[{"embeddable":true,"href":"https:\/\/amacreama.com\/es\/wp-json\/wp\/v2\/media\/3596"}],"wp:attachment":[{"href":"https:\/\/amacreama.com\/es\/wp-json\/wp\/v2\/media?parent=3641"}],"wp:term":[{"taxonomy":"product_brand","embeddable":true,"href":"https:\/\/amacreama.com\/es\/wp-json\/wp\/v2\/product_brand?post=3641"},{"taxonomy":"product_cat","embeddable":true,"href":"https:\/\/amacreama.com\/es\/wp-json\/wp\/v2\/product_cat?post=3641"},{"taxonomy":"product_tag","embeddable":true,"href":"https:\/\/amacreama.com\/es\/wp-json\/wp\/v2\/product_tag?post=3641"}],"curies":[{"name":"wp","href":"https:\/\/api.w.org\/{rel}","templated":true}]}}