{"id":2072,"date":"2022-02-07T09:43:18","date_gmt":"2022-02-07T09:43:18","guid":{"rendered":"https:\/\/amacreama.com\/?post_type=product&#038;p=2072"},"modified":"2025-05-09T13:12:55","modified_gmt":"2025-05-09T11:12:55","slug":"pasiflora","status":"publish","type":"product","link":"https:\/\/amacreama.com\/es\/producto\/pasiflora\/","title":{"rendered":"Xilograf\u00eda Bot\u00e1nica \u2013 Pasiflora"},"content":{"rendered":"<p>[et_pb_section fb_built=\u201d1\u2033 _builder_version=\u201d4.16\u2033 custom_padding=\u201d0px||||false|false\u201d global_colors_info=\u201d{}\u201d][et_pb_row _builder_version=\u201d4.16\u2033 background_size=\u201dinitial\u201d background background_repeat=\u201drepeat\u201d width=\u201d100%\u201d custom_padding=\u201d0px||0px||false|false\u201d global_colors_info=\u201d{}\u201d][et_pb_column type=\u201d4_4\u2033 _builder_version=\u201d4.16\u2033 custom_padding= global_colors_info=\u201d{}\u201d custom_padding__hover=\u201d|||\u201d][et_pb_wc_breadcrumb _builder_version=\u201d4.16\u2033 global_colors_info=\u201d{}\u201d][\/et_pb_wc_breadcrumb][et_pb_wc_cart_notice global_colors_info=\u201d{}\u201d][\/et_pb_wc_cart_notice][\/et_pb_column][\/et_pb_row][et_pb_row column_structure=\u201d1_2,1_2\u2033 _builder_version=\u201d4.16\u2033 background_size=\u201dinitial\u201d background_position= width=\u201d100%\u201d custom_padding=\u201d0px||||false|false\u201d global_colors_info=\u201d{}\u201d][et_pb_column type=\u201d1_2\u2033 _builder_version=\u201d4.16\u2033 custom_padding=\u201d|||\u201d global_colors_info=\u201d{}\u201d custom_padding__hover=\u201d|||\u201d][et_pb_wc_images _builder_version=\u201d4.16\u2033 global_colors_info=\u201d{}\u201d][\/et_pb_wc_images][\/et_pb_column][et_pb_column type=\u201d. custom_padding=\u201d|||\u201d global_colors_info=\u201d{}\u201d custom_padding__hover=\u201d|||\u201d][et_pb_wc_title _builder_version=\u201d4.16\u2033 global_colors_info=\u201d{}\u201d][\/et_pb_wc_title][et_pb_wc_rating _builder_version=\u201d. global_colors_info=\u201d{}\u201d][\/et_pb_wc_rating][et_pb_wc_price _builder_version=\u201d4.16\u2033 global_colors_info=\u201d{}\u201d][\/et_pb_wc_price][et_pb_wc_description _builder_version=\u201d4. global_colors_info=\u201d{}\u201d][\/et_pb_wc_description][et_pb_wc_add_to_cart _builder_version=\u201d4.16\u2033 global_colors_info=\u201d{}\u201d][\/et_pb_wc_add_to_cart][et_pb_wc_meta global_colors_info=\u201d{}\u201d][\/et_pb_wc_meta][\/et_pb_column][\/et_pb_row][et_pb_row _builder_version=\u201d4.16\u2033 background_size=\u201dinitial\u201d background_position=\u201dtop_left\u201d background_repeat=\u201drepeat\u201d global_colors_info=\u201d{}\u201d][et_pb_column type=\u201d4_4\u2033 _builder_version=\u201d4.16\u2033 custom_padding=\u201d|||\u201d global_colors_info=\u201d{}\u201d custom_padding__hover=\u201d|||\u201d][et_pb_wc_tabs admin_label=\u201dWoo Product Tabs\u201d _builder_version=\u201d4.16\u2033 global_colors_info=\u201d{}\u201d] [\/et_pb_wc_tabs][et_pb _builder_version=\u201d4.16\u2033 global_colors_info=\u201d{}\u201d][\/et_pb_wc_upsells][et_pb_wc_related_products _builder_version=\u201d4.16\u2033 title_font_size=\u201d20px\u201d product_title_font_size=\u201d15 global_colors_info=\u201d{}\u201d][\/et_pb_wc_related_products][\/et_pb_column][\/et_pb_row][\/et_pb_section]<\/p>","protected":false},"excerpt":{"rendered":"<ul>\n<li>Xilograf\u00eda hecha a mano en madera de abedul<\/li>\n<li>Medida del papel: 15 x 21 cm<\/li>\n<li>Impresa en papel Japon\u00e9s o Paint On verde gris de 250 g<\/li>\n<li>Estampada en una tinta con detalles en pan de oro aplicados manualmente<\/li>\n<li>Inspirada en plantas silvestres<\/li>\n<li>Cada pieza es \u00fanica por su estampaci\u00f3n manual<\/li>\n<li>Ideal para coleccionistas y amantes de la naturaleza<\/li>\n<\/ul>\n<p>* No incluye marco<\/p>","protected":false},"featured_media":2046,"template":"","meta":{"_et_pb_use_builder":"on","_et_pb_old_content":"<h2><strong>\u2726 Gravat artesanal de plantes silvestres<\/strong><\/h2>\r\n<em>Silvestre<\/em> \u00e9s una col\u00b7lecci\u00f3 de xilografies que homenatja la bellesa senzilla i org\u00e0nica de les plantes que creixen lliurement. Cada l\u00e0mina representa una esp\u00e8cie diferent de plantes i flors, capturant la seva delicadesa i for\u00e7a en una composici\u00f3 equilibrada i detallada.\r\n<h2><strong>\u2726 Xilografia: una t\u00e8cnica tradicional amb \u00e0nima<\/strong><\/h2>\r\nAquesta col\u00b7lecci\u00f3 ha estat creada mitjan\u00e7ant la t\u00e8cnica de la <strong>xilografia<\/strong>, una de les primeres formes de gravat conegudes. El disseny es talla sobre una planxa de fusta amb g\u00fabies, i s'estampa manualment sobre paper, transferint-ne nom\u00e9s les parts en relleu. Aquest proc\u00e9s aporta textura, profunditat i car\u00e0cter a cada pe\u00e7a, fent que cada exemplar sigui lleugerament diferent i \u00fanic.\r\n<h2><strong>\u2726 Materials sostenibles i acabats especials<\/strong><\/h2>\r\nLes l\u00e0mines s\u2019imprimeixen sobre <strong>paper japon\u00e8s artesanal<\/strong> o sobre <strong>paper verd gris Paint On<\/strong> de 250 g. Algunes peces inclouen <strong>detalls en pa d\u2019or<\/strong>, aplicats a m\u00e0 per aportar-hi llum i eleg\u00e0ncia. La mida del paper \u00e9s de 15 x 21 cm, ideal per emmarcar o regalar.\r\n\r\nAquestes l\u00e0mines s\u00f3n perfectes per a persones que valoren l'art fet a m\u00e0, l\u2019art bot\u00e0nic i els detalls naturals. Una opci\u00f3 ideal per decorar espais amb sensibilitat i respecte per l\u2019entorn.","_et_gb_content_width":""},"product_brand":[],"product_cat":[169,151],"product_tag":[],"class_list":{"0":"post-2072","1":"product","2":"type-product","3":"status-publish","4":"has-post-thumbnail","6":"product_cat-gravat-en-relleu","7":"product_cat-gravats","9":"first","10":"instock","11":"taxable","12":"shipping-taxable","13":"purchasable","14":"product-type-variable"},"yoast_head":"<!-- This site is optimized with the Yoast SEO plugin v27.4 - https:\/\/yoast.com\/product\/yoast-seo-wordpress\/ -->\n<title>Xilografia Bot\u00e0nica - Pasiflora | Amacreama<\/title>\n<meta name=\"description\" content=\"Xilografia de planta. Gravat a una tinta sobre paper artesanal amb detalls en pa d\u2019or. T\u00e8cnica tradicional i disseny bot\u00e0nic amb car\u00e0cter \u00fanic.\" \/>\n<meta name=\"robots\" content=\"index, follow, max-snippet:-1, max-image-preview:large, max-video-preview:-1\" \/>\n<link rel=\"canonical\" href=\"https:\/\/amacreama.com\/es\/producto\/pasiflora\/\" \/>\n<meta property=\"og:locale\" content=\"es_ES\" \/>\n<meta property=\"og:type\" content=\"article\" \/>\n<meta property=\"og:title\" content=\"Xilografia Bot\u00e0nica - Pasiflora | Amacreama\" \/>\n<meta property=\"og:description\" content=\"Xilografia de planta. Gravat a una tinta sobre paper artesanal amb detalls en pa d\u2019or. T\u00e8cnica tradicional i disseny bot\u00e0nic amb car\u00e0cter \u00fanic.\" \/>\n<meta property=\"og:url\" content=\"https:\/\/amacreama.com\/es\/producto\/pasiflora\/\" \/>\n<meta property=\"og:site_name\" content=\"Amacreama\" \/>\n<meta property=\"article:modified_time\" content=\"2025-05-09T11:12:55+00:00\" \/>\n<meta property=\"og:image\" content=\"https:\/\/amacreama.com\/wp-content\/uploads\/2022\/02\/pasiflora-webDSC_3054.jpg\" \/>\n\t<meta property=\"og:image:width\" content=\"900\" \/>\n\t<meta property=\"og:image:height\" content=\"900\" \/>\n\t<meta property=\"og:image:type\" content=\"image\/jpeg\" \/>\n<meta name=\"twitter:card\" content=\"summary_large_image\" \/>\n<meta name=\"twitter:label1\" content=\"Tiempo de lectura\" \/>\n\t<meta name=\"twitter:data1\" content=\"2 minutos\" \/>\n<script type=\"application\/ld+json\" class=\"yoast-schema-graph\">{\"@context\":\"https:\\\/\\\/schema.org\",\"@graph\":[{\"@type\":\"WebPage\",\"@id\":\"https:\\\/\\\/amacreama.com\\\/producto\\\/pasiflora\\\/\",\"url\":\"https:\\\/\\\/amacreama.com\\\/producto\\\/pasiflora\\\/\",\"name\":\"Xilografia Bot\u00e0nica - Pasiflora | Amacreama\",\"isPartOf\":{\"@id\":\"https:\\\/\\\/amacreama.com\\\/en\\\/#website\"},\"primaryImageOfPage\":{\"@id\":\"https:\\\/\\\/amacreama.com\\\/producto\\\/pasiflora\\\/#primaryimage\"},\"image\":{\"@id\":\"https:\\\/\\\/amacreama.com\\\/producto\\\/pasiflora\\\/#primaryimage\"},\"thumbnailUrl\":\"https:\\\/\\\/amacreama.com\\\/wp-content\\\/uploads\\\/2022\\\/02\\\/pasiflora-webDSC_3054.jpg\",\"datePublished\":\"2022-02-07T09:43:18+00:00\",\"dateModified\":\"2025-05-09T11:12:55+00:00\",\"description\":\"Xilografia de planta. Gravat a una tinta sobre paper artesanal amb detalls en pa d\u2019or. T\u00e8cnica tradicional i disseny bot\u00e0nic amb car\u00e0cter \u00fanic.\",\"breadcrumb\":{\"@id\":\"https:\\\/\\\/amacreama.com\\\/producto\\\/pasiflora\\\/#breadcrumb\"},\"inLanguage\":\"es\",\"potentialAction\":[{\"@type\":\"ReadAction\",\"target\":[\"https:\\\/\\\/amacreama.com\\\/producto\\\/pasiflora\\\/\"]}]},{\"@type\":\"ImageObject\",\"inLanguage\":\"es\",\"@id\":\"https:\\\/\\\/amacreama.com\\\/producto\\\/pasiflora\\\/#primaryimage\",\"url\":\"https:\\\/\\\/amacreama.com\\\/wp-content\\\/uploads\\\/2022\\\/02\\\/pasiflora-webDSC_3054.jpg\",\"contentUrl\":\"https:\\\/\\\/amacreama.com\\\/wp-content\\\/uploads\\\/2022\\\/02\\\/pasiflora-webDSC_3054.jpg\",\"width\":900,\"height\":900},{\"@type\":\"BreadcrumbList\",\"@id\":\"https:\\\/\\\/amacreama.com\\\/producto\\\/pasiflora\\\/#breadcrumb\",\"itemListElement\":[{\"@type\":\"ListItem\",\"position\":1,\"name\":\"Home\",\"item\":\"https:\\\/\\\/amacreama.com\\\/\"},{\"@type\":\"ListItem\",\"position\":2,\"name\":\"Botiga\",\"item\":\"https:\\\/\\\/amacreama.com\\\/botiga\\\/\"},{\"@type\":\"ListItem\",\"position\":3,\"name\":\"Xilografia Bot\u00e0nica &#8211; Pasiflora\"}]},{\"@type\":\"WebSite\",\"@id\":\"https:\\\/\\\/amacreama.com\\\/en\\\/#website\",\"url\":\"https:\\\/\\\/amacreama.com\\\/en\\\/\",\"name\":\"Amacreama\",\"description\":\"amacreama\",\"publisher\":{\"@id\":\"https:\\\/\\\/amacreama.com\\\/en\\\/#organization\"},\"potentialAction\":[{\"@type\":\"SearchAction\",\"target\":{\"@type\":\"EntryPoint\",\"urlTemplate\":\"https:\\\/\\\/amacreama.com\\\/en\\\/?s={search_term_string}\"},\"query-input\":{\"@type\":\"PropertyValueSpecification\",\"valueRequired\":true,\"valueName\":\"search_term_string\"}}],\"inLanguage\":\"es\"},{\"@type\":\"Organization\",\"@id\":\"https:\\\/\\\/amacreama.com\\\/en\\\/#organization\",\"name\":\"Ama Creama\",\"url\":\"https:\\\/\\\/amacreama.com\\\/en\\\/\",\"logo\":{\"@type\":\"ImageObject\",\"inLanguage\":\"es\",\"@id\":\"https:\\\/\\\/amacreama.com\\\/en\\\/#\\\/schema\\\/logo\\\/image\\\/\",\"url\":\"https:\\\/\\\/amacreama.com\\\/wp-content\\\/uploads\\\/2020\\\/04\\\/logoop.jpg\",\"contentUrl\":\"https:\\\/\\\/amacreama.com\\\/wp-content\\\/uploads\\\/2020\\\/04\\\/logoop.jpg\",\"width\":459,\"height\":230,\"caption\":\"Ama Creama\"},\"image\":{\"@id\":\"https:\\\/\\\/amacreama.com\\\/en\\\/#\\\/schema\\\/logo\\\/image\\\/\"}}]}<\/script>\n<!-- \/ Yoast SEO plugin. -->","yoast_head_json":{"title":"Xilografia Bot\u00e0nica - Pasiflora | Amacreama","description":"Xilografia de planta. Gravat a una tinta sobre paper artesanal amb detalls en pa d\u2019or. T\u00e8cnica tradicional i disseny bot\u00e0nic amb car\u00e0cter \u00fanic.","robots":{"index":"index","follow":"follow","max-snippet":"max-snippet:-1","max-image-preview":"max-image-preview:large","max-video-preview":"max-video-preview:-1"},"canonical":"https:\/\/amacreama.com\/es\/producto\/pasiflora\/","og_locale":"es_ES","og_type":"article","og_title":"Xilografia Bot\u00e0nica - Pasiflora | Amacreama","og_description":"Xilografia de planta. Gravat a una tinta sobre paper artesanal amb detalls en pa d\u2019or. T\u00e8cnica tradicional i disseny bot\u00e0nic amb car\u00e0cter \u00fanic.","og_url":"https:\/\/amacreama.com\/es\/producto\/pasiflora\/","og_site_name":"Amacreama","article_modified_time":"2025-05-09T11:12:55+00:00","og_image":[{"width":900,"height":900,"url":"https:\/\/amacreama.com\/wp-content\/uploads\/2022\/02\/pasiflora-webDSC_3054.jpg","type":"image\/jpeg"}],"twitter_card":"summary_large_image","twitter_misc":{"Tiempo de lectura":"2 minutos"},"schema":{"@context":"https:\/\/schema.org","@graph":[{"@type":"WebPage","@id":"https:\/\/amacreama.com\/producto\/pasiflora\/","url":"https:\/\/amacreama.com\/producto\/pasiflora\/","name":"Xilografia Bot\u00e0nica - Pasiflora | Amacreama","isPartOf":{"@id":"https:\/\/amacreama.com\/en\/#website"},"primaryImageOfPage":{"@id":"https:\/\/amacreama.com\/producto\/pasiflora\/#primaryimage"},"image":{"@id":"https:\/\/amacreama.com\/producto\/pasiflora\/#primaryimage"},"thumbnailUrl":"https:\/\/amacreama.com\/wp-content\/uploads\/2022\/02\/pasiflora-webDSC_3054.jpg","datePublished":"2022-02-07T09:43:18+00:00","dateModified":"2025-05-09T11:12:55+00:00","description":"Xilografia de planta. Gravat a una tinta sobre paper artesanal amb detalls en pa d\u2019or. T\u00e8cnica tradicional i disseny bot\u00e0nic amb car\u00e0cter \u00fanic.","breadcrumb":{"@id":"https:\/\/amacreama.com\/producto\/pasiflora\/#breadcrumb"},"inLanguage":"es","potentialAction":[{"@type":"ReadAction","target":["https:\/\/amacreama.com\/producto\/pasiflora\/"]}]},{"@type":"ImageObject","inLanguage":"es","@id":"https:\/\/amacreama.com\/producto\/pasiflora\/#primaryimage","url":"https:\/\/amacreama.com\/wp-content\/uploads\/2022\/02\/pasiflora-webDSC_3054.jpg","contentUrl":"https:\/\/amacreama.com\/wp-content\/uploads\/2022\/02\/pasiflora-webDSC_3054.jpg","width":900,"height":900},{"@type":"BreadcrumbList","@id":"https:\/\/amacreama.com\/producto\/pasiflora\/#breadcrumb","itemListElement":[{"@type":"ListItem","position":1,"name":"Home","item":"https:\/\/amacreama.com\/"},{"@type":"ListItem","position":2,"name":"Botiga","item":"https:\/\/amacreama.com\/botiga\/"},{"@type":"ListItem","position":3,"name":"Xilografia Bot\u00e0nica &#8211; Pasiflora"}]},{"@type":"WebSite","@id":"https:\/\/amacreama.com\/en\/#website","url":"https:\/\/amacreama.com\/en\/","name":"Amacreama","description":"amacreama","publisher":{"@id":"https:\/\/amacreama.com\/en\/#organization"},"potentialAction":[{"@type":"SearchAction","target":{"@type":"EntryPoint","urlTemplate":"https:\/\/amacreama.com\/en\/?s={search_term_string}"},"query-input":{"@type":"PropertyValueSpecification","valueRequired":true,"valueName":"search_term_string"}}],"inLanguage":"es"},{"@type":"Organization","@id":"https:\/\/amacreama.com\/en\/#organization","name":"Ama Creama","url":"https:\/\/amacreama.com\/en\/","logo":{"@type":"ImageObject","inLanguage":"es","@id":"https:\/\/amacreama.com\/en\/#\/schema\/logo\/image\/","url":"https:\/\/amacreama.com\/wp-content\/uploads\/2020\/04\/logoop.jpg","contentUrl":"https:\/\/amacreama.com\/wp-content\/uploads\/2020\/04\/logoop.jpg","width":459,"height":230,"caption":"Ama Creama"},"image":{"@id":"https:\/\/amacreama.com\/en\/#\/schema\/logo\/image\/"}}]}},"jetpack_sharing_enabled":true,"_links":{"self":[{"href":"https:\/\/amacreama.com\/es\/wp-json\/wp\/v2\/product\/2072","targetHints":{"allow":["GET"]}}],"collection":[{"href":"https:\/\/amacreama.com\/es\/wp-json\/wp\/v2\/product"}],"about":[{"href":"https:\/\/amacreama.com\/es\/wp-json\/wp\/v2\/types\/product"}],"wp:featuredmedia":[{"embeddable":true,"href":"https:\/\/amacreama.com\/es\/wp-json\/wp\/v2\/media\/2046"}],"wp:attachment":[{"href":"https:\/\/amacreama.com\/es\/wp-json\/wp\/v2\/media?parent=2072"}],"wp:term":[{"taxonomy":"product_brand","embeddable":true,"href":"https:\/\/amacreama.com\/es\/wp-json\/wp\/v2\/product_brand?post=2072"},{"taxonomy":"product_cat","embeddable":true,"href":"https:\/\/amacreama.com\/es\/wp-json\/wp\/v2\/product_cat?post=2072"},{"taxonomy":"product_tag","embeddable":true,"href":"https:\/\/amacreama.com\/es\/wp-json\/wp\/v2\/product_tag?post=2072"}],"curies":[{"name":"wp","href":"https:\/\/api.w.org\/{rel}","templated":true}]}}