{"id":1963,"date":"2021-12-23T11:00:39","date_gmt":"2021-12-23T11:00:39","guid":{"rendered":"https:\/\/amacreama.com\/?post_type=product&#038;p=1963"},"modified":"2025-03-19T16:01:23","modified_gmt":"2025-03-19T16:01:23","slug":"pelican","status":"publish","type":"product","link":"https:\/\/amacreama.com\/es\/producto\/pelicano\/","title":{"rendered":"Pelican"},"content":{"rendered":"<p>[et_pb_section fb_built=\u201d1\u2033 _builder_version=\u201d3.22\u2033 custom_padding=\u201d0px||||false|false\u201d global_colors_info=\u201d{}\u201d][et_pb_row _builder_version=\u201d3.25\u2033 background_size=\u201dinitial\u201d background background_repeat=\u201drepeat\u201d width=\u201d100%\u201d custom_padding=\u201d0px||0px||false|false\u201d global_colors_info=\u201d{}\u201d][et_pb_column type=\u201d4_4\u2033 _builder_version=\u201d3.25\u2033 custom_padding= global_colors_info=\u201d{}\u201d custom_padding__hover=\u201d|||\u201d][et_pb_wc_breadcrumb _builder_version=\u201d3.0.47\u2033 global_colors_info=\u201d{}\u201d][\/et_pb_wc_breadcrumb][et_pb_wc_cart_ global_colors_info=\u201d{}\u201d][\/et_pb_wc_cart_notice][\/et_pb_column][\/et_pb_row][et_pb_row column_structure=\u201d1_2,1_2\u2033 _builder_version=\u201d3.25\u2033 background_size=\u201dinitial\u201d background_position= width=\u201d100%\u201d custom_padding=\u201d0px||||false|false\u201d global_colors_info=\u201d{}\u201d][et_pb_column type=\u201d1_2\u2033 _builder_version=\u201d3.25\u2033 custom_padding=\u201d|||\u201d global_colors_info=\u201d{}\u201d custom_padding__hover=\u201d|||\u201d][et_pb_wc_images _builder_version=\u201d3.0.47\u2033 global_colors_info=\u201d{}\u201d][\/et_pb_wc_images][\/et_pb_column][et_pb_column\u2033== custom_padding=\u201d|||\u201d global_colors_info=\u201d{}\u201d custom_padding__hover=\u201d|||\u201d][et_pb_wc_title _builder_version=\u201d3.0.47\u2033 global_colors_info=\u201d{}\u201d][\/et_pb_wc_title][et_pb_wc_rating _builder_version= global_colors_info=\u201d{}\u201d][\/et_pb_wc_rating][et_pb_wc_price _builder_version=\u201d3.0.47\u2033 global_colors_info=\u201d{}\u201d][\/et_pb_wc_price][et_pb_wc_description _builder_version=\u201d global_colors_info=\u201d{}\u201d][\/et_pb_wc_description][et_pb_wc_add_to_cart global_colors_info=\u201d{}\u201d][\/et_pb_wc_add_to_cart][et_pb_wc_meta _builder_version=\u201d3.0.4. global_colors_info=\u201d{}\u201d][\/et_pb_wc_meta][\/et_pb_column][\/et_pb_row][et_pb_row _builder_version=\u201d3.25\u2033 background_size=\u201dinitial\u201d background_position=\u201dtop_left\u201d background_repeat=\u201drepeat\u201d global_colors_info=\u201d{}\u201d][et_pb_column type=\u201d4_4\u2033 _builder_version=\u201d3.25\u2033 custom_padding=\u201d|||\u201d global_colors_info=\u201d{}\u201d custom_padding__hover=\u201d|||\u201d][et_pb_wc_tabs _builder_version=\u201d4.5.7\u2033 global_colors_info=\u201d{}\u201d] [\/et_pb_wc_tabs][et_pb_wc_upsells _builder_version= global_colors_info=\u201d{}\u201d][\/et_pb_wc_upsells][et_pb_wc_related_products _builder_version=\u201d4.13.1\u2033 title_font_size=\u201d20px\u201d product_title_font_size=\u201d15px\u201d global_colors_info=\u201d{}\u201d][\/et_pb_wc_related_products][\/et_pb_column][\/et_pb_row][\/et_pb_section]<\/p>","protected":false},"excerpt":{"rendered":"<p>Aguafuerte sobre plancha de cobre a una tinta sobre papel Michel de 240 gramos.<\/p>\n<p>Medida de la plancha: 10x10cm<\/p>\n<p>Medida del papel: 28\u00d721 cm<\/p>\n<p>Edici\u00f3n limitada: 14 unidades<\/p>","protected":false},"featured_media":1970,"template":"","meta":{"_et_pb_use_builder":"on","_et_pb_old_content":"<div class=\"page\" title=\"Page 2\">\r\n<div class=\"layoutArea\">\r\n<div class=\"column\">\r\n\r\nLa t\u00e8cnica de l\u2019aiguafort \u00e9s una de les t\u00e8cniques indirectes del gravat calcogr\u00e0 c que consisteix en aplicar una capa de vern\u00eds sobre la planxa per anar aixecant les zones en les que volem el dibuix i submergir-la en \u00e0cid. Aquest \u00e0cid es menja les parts no protegides pel vern\u00eds i aix\u00ed es generen unes l\u00ednies que composaran el dibuix que estamparem.\r\n\r\nEn aquest cas, per aquest disseny en particular, s\u2019han realitzat tan sols 14 c\u00f2pies en paper Michel de 240 grams de color cru.\r\n\r\n<\/div>\r\n<\/div>\r\n<\/div>","_et_gb_content_width":""},"product_brand":[],"product_cat":[171,151],"product_tag":[],"class_list":{"0":"post-1963","1":"product","2":"type-product","3":"status-publish","4":"has-post-thumbnail","6":"product_cat-gravat-calcografic","7":"product_cat-gravats","9":"first","10":"instock","11":"taxable","12":"shipping-taxable","13":"purchasable","14":"product-type-simple"},"yoast_head":"<!-- This site is optimized with the Yoast SEO plugin v27.6 - https:\/\/yoast.com\/product\/yoast-seo-wordpress\/ -->\n<title>Pelican | Amacreama<\/title>\n<meta name=\"robots\" content=\"index, follow, max-snippet:-1, max-image-preview:large, max-video-preview:-1\" \/>\n<link rel=\"canonical\" href=\"https:\/\/amacreama.com\/es\/producto\/pelicano\/\" \/>\n<meta property=\"og:locale\" content=\"es_ES\" \/>\n<meta property=\"og:type\" content=\"article\" \/>\n<meta property=\"og:title\" content=\"Pelican | Amacreama\" \/>\n<meta property=\"og:description\" content=\"Aiguafort sobre planxa de coure a una tinta sobre paper Michel de 240 grams.  Mida de la planxa: 10x10cm  Mida del paper: 28x21 cm  Edici\u00f3 limitada: 14 unitats\" \/>\n<meta property=\"og:url\" content=\"https:\/\/amacreama.com\/es\/producto\/pelicano\/\" \/>\n<meta property=\"og:site_name\" content=\"Amacreama\" \/>\n<meta property=\"article:modified_time\" content=\"2025-03-19T16:01:23+00:00\" \/>\n<meta property=\"og:image\" content=\"https:\/\/amacreama.com\/wp-content\/uploads\/2021\/12\/pelicano-web-2.jpg\" \/>\n\t<meta property=\"og:image:width\" content=\"1200\" \/>\n\t<meta property=\"og:image:height\" content=\"1200\" \/>\n\t<meta property=\"og:image:type\" content=\"image\/jpeg\" \/>\n<meta name=\"twitter:card\" content=\"summary_large_image\" \/>\n<meta name=\"twitter:label1\" content=\"Tiempo de lectura\" \/>\n\t<meta name=\"twitter:data1\" content=\"1 minuto\" \/>\n<script type=\"application\/ld+json\" class=\"yoast-schema-graph\">{\"@context\":\"https:\\\/\\\/schema.org\",\"@graph\":[{\"@type\":\"WebPage\",\"@id\":\"https:\\\/\\\/amacreama.com\\\/producto\\\/pelican\\\/\",\"url\":\"https:\\\/\\\/amacreama.com\\\/producto\\\/pelican\\\/\",\"name\":\"Pelican | Amacreama\",\"isPartOf\":{\"@id\":\"https:\\\/\\\/amacreama.com\\\/en\\\/#website\"},\"primaryImageOfPage\":{\"@id\":\"https:\\\/\\\/amacreama.com\\\/producto\\\/pelican\\\/#primaryimage\"},\"image\":{\"@id\":\"https:\\\/\\\/amacreama.com\\\/producto\\\/pelican\\\/#primaryimage\"},\"thumbnailUrl\":\"https:\\\/\\\/amacreama.com\\\/wp-content\\\/uploads\\\/2021\\\/12\\\/pelicano-web-2.jpg\",\"datePublished\":\"2021-12-23T11:00:39+00:00\",\"dateModified\":\"2025-03-19T16:01:23+00:00\",\"breadcrumb\":{\"@id\":\"https:\\\/\\\/amacreama.com\\\/producto\\\/pelican\\\/#breadcrumb\"},\"inLanguage\":\"es\",\"potentialAction\":[{\"@type\":\"ReadAction\",\"target\":[\"https:\\\/\\\/amacreama.com\\\/producto\\\/pelican\\\/\"]}]},{\"@type\":\"ImageObject\",\"inLanguage\":\"es\",\"@id\":\"https:\\\/\\\/amacreama.com\\\/producto\\\/pelican\\\/#primaryimage\",\"url\":\"https:\\\/\\\/amacreama.com\\\/wp-content\\\/uploads\\\/2021\\\/12\\\/pelicano-web-2.jpg\",\"contentUrl\":\"https:\\\/\\\/amacreama.com\\\/wp-content\\\/uploads\\\/2021\\\/12\\\/pelicano-web-2.jpg\",\"width\":1200,\"height\":1200},{\"@type\":\"BreadcrumbList\",\"@id\":\"https:\\\/\\\/amacreama.com\\\/producto\\\/pelican\\\/#breadcrumb\",\"itemListElement\":[{\"@type\":\"ListItem\",\"position\":1,\"name\":\"Home\",\"item\":\"https:\\\/\\\/amacreama.com\\\/\"},{\"@type\":\"ListItem\",\"position\":2,\"name\":\"Botiga\",\"item\":\"https:\\\/\\\/amacreama.com\\\/botiga\\\/\"},{\"@type\":\"ListItem\",\"position\":3,\"name\":\"Pelican\"}]},{\"@type\":\"WebSite\",\"@id\":\"https:\\\/\\\/amacreama.com\\\/en\\\/#website\",\"url\":\"https:\\\/\\\/amacreama.com\\\/en\\\/\",\"name\":\"Amacreama\",\"description\":\"amacreama\",\"publisher\":{\"@id\":\"https:\\\/\\\/amacreama.com\\\/en\\\/#organization\"},\"potentialAction\":[{\"@type\":\"SearchAction\",\"target\":{\"@type\":\"EntryPoint\",\"urlTemplate\":\"https:\\\/\\\/amacreama.com\\\/en\\\/?s={search_term_string}\"},\"query-input\":{\"@type\":\"PropertyValueSpecification\",\"valueRequired\":true,\"valueName\":\"search_term_string\"}}],\"inLanguage\":\"es\"},{\"@type\":\"Organization\",\"@id\":\"https:\\\/\\\/amacreama.com\\\/en\\\/#organization\",\"name\":\"Ama Creama\",\"url\":\"https:\\\/\\\/amacreama.com\\\/en\\\/\",\"logo\":{\"@type\":\"ImageObject\",\"inLanguage\":\"es\",\"@id\":\"https:\\\/\\\/amacreama.com\\\/en\\\/#\\\/schema\\\/logo\\\/image\\\/\",\"url\":\"https:\\\/\\\/amacreama.com\\\/wp-content\\\/uploads\\\/2020\\\/04\\\/logoop.jpg\",\"contentUrl\":\"https:\\\/\\\/amacreama.com\\\/wp-content\\\/uploads\\\/2020\\\/04\\\/logoop.jpg\",\"width\":459,\"height\":230,\"caption\":\"Ama Creama\"},\"image\":{\"@id\":\"https:\\\/\\\/amacreama.com\\\/en\\\/#\\\/schema\\\/logo\\\/image\\\/\"}}]}<\/script>\n<!-- \/ Yoast SEO plugin. -->","yoast_head_json":{"title":"Pelican | Amacreama","robots":{"index":"index","follow":"follow","max-snippet":"max-snippet:-1","max-image-preview":"max-image-preview:large","max-video-preview":"max-video-preview:-1"},"canonical":"https:\/\/amacreama.com\/es\/producto\/pelicano\/","og_locale":"es_ES","og_type":"article","og_title":"Pelican | Amacreama","og_description":"Aiguafort sobre planxa de coure a una tinta sobre paper Michel de 240 grams.  Mida de la planxa: 10x10cm  Mida del paper: 28x21 cm  Edici\u00f3 limitada: 14 unitats","og_url":"https:\/\/amacreama.com\/es\/producto\/pelicano\/","og_site_name":"Amacreama","article_modified_time":"2025-03-19T16:01:23+00:00","og_image":[{"width":1200,"height":1200,"url":"https:\/\/amacreama.com\/wp-content\/uploads\/2021\/12\/pelicano-web-2.jpg","type":"image\/jpeg"}],"twitter_card":"summary_large_image","twitter_misc":{"Tiempo de lectura":"1 minuto"},"schema":{"@context":"https:\/\/schema.org","@graph":[{"@type":"WebPage","@id":"https:\/\/amacreama.com\/producto\/pelican\/","url":"https:\/\/amacreama.com\/producto\/pelican\/","name":"Pelican | Amacreama","isPartOf":{"@id":"https:\/\/amacreama.com\/en\/#website"},"primaryImageOfPage":{"@id":"https:\/\/amacreama.com\/producto\/pelican\/#primaryimage"},"image":{"@id":"https:\/\/amacreama.com\/producto\/pelican\/#primaryimage"},"thumbnailUrl":"https:\/\/amacreama.com\/wp-content\/uploads\/2021\/12\/pelicano-web-2.jpg","datePublished":"2021-12-23T11:00:39+00:00","dateModified":"2025-03-19T16:01:23+00:00","breadcrumb":{"@id":"https:\/\/amacreama.com\/producto\/pelican\/#breadcrumb"},"inLanguage":"es","potentialAction":[{"@type":"ReadAction","target":["https:\/\/amacreama.com\/producto\/pelican\/"]}]},{"@type":"ImageObject","inLanguage":"es","@id":"https:\/\/amacreama.com\/producto\/pelican\/#primaryimage","url":"https:\/\/amacreama.com\/wp-content\/uploads\/2021\/12\/pelicano-web-2.jpg","contentUrl":"https:\/\/amacreama.com\/wp-content\/uploads\/2021\/12\/pelicano-web-2.jpg","width":1200,"height":1200},{"@type":"BreadcrumbList","@id":"https:\/\/amacreama.com\/producto\/pelican\/#breadcrumb","itemListElement":[{"@type":"ListItem","position":1,"name":"Home","item":"https:\/\/amacreama.com\/"},{"@type":"ListItem","position":2,"name":"Botiga","item":"https:\/\/amacreama.com\/botiga\/"},{"@type":"ListItem","position":3,"name":"Pelican"}]},{"@type":"WebSite","@id":"https:\/\/amacreama.com\/en\/#website","url":"https:\/\/amacreama.com\/en\/","name":"Amacreama","description":"amacreama","publisher":{"@id":"https:\/\/amacreama.com\/en\/#organization"},"potentialAction":[{"@type":"SearchAction","target":{"@type":"EntryPoint","urlTemplate":"https:\/\/amacreama.com\/en\/?s={search_term_string}"},"query-input":{"@type":"PropertyValueSpecification","valueRequired":true,"valueName":"search_term_string"}}],"inLanguage":"es"},{"@type":"Organization","@id":"https:\/\/amacreama.com\/en\/#organization","name":"Ama Creama","url":"https:\/\/amacreama.com\/en\/","logo":{"@type":"ImageObject","inLanguage":"es","@id":"https:\/\/amacreama.com\/en\/#\/schema\/logo\/image\/","url":"https:\/\/amacreama.com\/wp-content\/uploads\/2020\/04\/logoop.jpg","contentUrl":"https:\/\/amacreama.com\/wp-content\/uploads\/2020\/04\/logoop.jpg","width":459,"height":230,"caption":"Ama Creama"},"image":{"@id":"https:\/\/amacreama.com\/en\/#\/schema\/logo\/image\/"}}]}},"jetpack_sharing_enabled":true,"_links":{"self":[{"href":"https:\/\/amacreama.com\/es\/wp-json\/wp\/v2\/product\/1963","targetHints":{"allow":["GET"]}}],"collection":[{"href":"https:\/\/amacreama.com\/es\/wp-json\/wp\/v2\/product"}],"about":[{"href":"https:\/\/amacreama.com\/es\/wp-json\/wp\/v2\/types\/product"}],"wp:featuredmedia":[{"embeddable":true,"href":"https:\/\/amacreama.com\/es\/wp-json\/wp\/v2\/media\/1970"}],"wp:attachment":[{"href":"https:\/\/amacreama.com\/es\/wp-json\/wp\/v2\/media?parent=1963"}],"wp:term":[{"taxonomy":"product_brand","embeddable":true,"href":"https:\/\/amacreama.com\/es\/wp-json\/wp\/v2\/product_brand?post=1963"},{"taxonomy":"product_cat","embeddable":true,"href":"https:\/\/amacreama.com\/es\/wp-json\/wp\/v2\/product_cat?post=1963"},{"taxonomy":"product_tag","embeddable":true,"href":"https:\/\/amacreama.com\/es\/wp-json\/wp\/v2\/product_tag?post=1963"}],"curies":[{"name":"wp","href":"https:\/\/api.w.org\/{rel}","templated":true}]}}