{"id":1089,"date":"2021-08-19T09:43:21","date_gmt":"2021-08-19T09:43:21","guid":{"rendered":"https:\/\/amacreama.com\/?post_type=product&#038;p=1089"},"modified":"2021-11-24T20:12:21","modified_gmt":"2021-11-24T20:12:21","slug":"branches","status":"publish","type":"product","link":"https:\/\/amacreama.com\/es\/producto\/branches\/","title":{"rendered":"Branchas"},"content":{"rendered":"<p>[et_pb_section fb_built=\u201d1\u2033 _builder_version=\u201d3.22\u2033 custom_padding=\u201d0px||||false|false\u201d global_colors_info=\u201d{}\u201d][et_pb_row _builder_version=\u201d3.25\u2033 background_size=\u201dinitial\u201d background background_repeat=\u201drepeat\u201d width=\u201d100%\u201d custom_padding=\u201d0px||0px||false|false\u201d global_colors_info=\u201d{}\u201d][et_pb_column type=\u201d4_4\u2033 _builder_version=\u201d3.25\u2033 custom_padding= global_colors_info=\u201d{}\u201d custom_padding__hover=\u201d|||\u201d][et_pb_wc_breadcrumb _builder_version=\u201d3.0.47\u2033 global_colors_info=\u201d{}\u201d][\/et_pb_wc_breadcrumb][et_pb_wc_4t_cart_. global_colors_info=\u201d{}\u201d][\/et_pb_wc_cart_notice][\/et_pb_column][\/et_pb_row][et_pb_row column_structure=\u201d1_2,1_2\u2033 _builder_version=\u201d3.25\u2033 background_size=\u201dinitial\u201d background_position= width=\u201d100%\u201d custom_padding=\u201d0px||||false|false\u201d global_colors_info=\u201d{}\u201d][et_pb_column type=\u201d1_2\u2033 _builder_version=\u201d3.25\u2033 custom_padding=\u201d|||\u201d global_colors_info=\u201d{}\u201d custom_padding__hover=\u201d|||\u201d][et_pb_wc_images _builder_version=\u201d3.0.47\u2033 global_colors_info=\u201d{}\u201d][\/et_pb_wc_images][\/et_pb_column][et_pb_column\u2033== custom_padding=\u201d|||\u201d global_colors_info=\u201d{}\u201d custom_padding__hover=\u201d|||\u201d][et_pb_wc_title _builder_version=\u201d3.0.47\u2033 global_colors_info=\u201d{}\u201d][\/et_pb_wc_title][et_pb_wc_rating _builder_version= global_colors_info=\u201d{}\u201d][\/et_pb_wc_rating][et_pb_wc_price _builder_version=\u201d3.0.47\u2033 global_colors_info=\u201d{}\u201d][\/et_pb_wc_price][et_pb_wc_description _builder_version=\u201d global_colors_info=\u201d{}\u201d][\/et_pb_wc_description][et_pb_wc_add_to_cart _builder_version=\u201d3.0.47\u2033 global_colors_info=\u201d{}\u201d][\/et_pb_wc_add_to_cart][et_pb_wc_. global_colors_info=\u201d{}\u201d][\/et_pb_wc_meta][\/et_pb_column][\/et_pb_row][et_pb_row _builder_version=\u201d3.25\u2033 background_size=\u201dinitial\u201d background_position=\u201dtop_left\u201d background_repeat=\u201drepeat\u201d global_colors_info=\u201d{}\u201d][et_pb_column type=\u201d4_4\u2033 _builder_version=\u201d3.25\u2033 custom_padding=\u201d|||\u201d global_colors_info=\u201d{}\u201d custom_padding__hover=\u201d|||\u201d][et_pb_wc_tabs _builder_version=\u201d4.5.7\u2033 global_colors_info=\u201d{}\u201d] [\/et_pb_wc_tabs][et_pb_wc_upsells _builder_version= global_colors_info=\u201d{}\u201d][\/et_pb_wc_upsells][et_pb_wc_related_products _builder_version=\u201d4.13.1\u2033 title_font_size=\u201d20px\u201d product_title_font_size=\u201d15px\u201d global_colors_info=\u201d{}\u201d][\/et_pb_wc_related_products][\/et_pb_column][\/et_pb_row][\/et_pb_section]<\/p>","protected":false},"excerpt":{"rendered":"<p>Litograf\u00eda a dos tintas impreso sobre papel Michel de 250 gramos.<\/p>\n<p>Medida: aproximadamente 31\u00d725 cm<\/p>\n<p>Edici\u00f3n limitada: 7 unidades de cada color<\/p>","protected":false},"featured_media":1500,"template":"","meta":{"_et_pb_use_builder":"on","_et_pb_old_content":"Aquesta litografia ha estat dibuixada a m\u00e0 utilitzant un llapis litogr\u00e0fic. Est\u00e0 conformada per dues pedres superposades. En la seva impressi\u00f3 s'ha anat jugant amb la composici\u00f3 pel que \u00e9s possible que la imatge resultant pugui variar d'una c\u00f2pia a l'altra.","_et_gb_content_width":""},"product_brand":[],"product_cat":[151,170],"product_tag":[],"class_list":{"0":"post-1089","1":"product","2":"type-product","3":"status-publish","4":"has-post-thumbnail","6":"product_cat-gravats","7":"product_cat-litografia","9":"first","10":"instock","11":"taxable","12":"shipping-taxable","13":"purchasable","14":"product-type-variable"},"yoast_head":"<!-- This site is optimized with the Yoast SEO plugin v27.4 - https:\/\/yoast.com\/product\/yoast-seo-wordpress\/ -->\n<title>Branches | Amacreama<\/title>\n<meta name=\"robots\" content=\"index, follow, max-snippet:-1, max-image-preview:large, max-video-preview:-1\" \/>\n<link rel=\"canonical\" href=\"https:\/\/amacreama.com\/es\/producto\/branches\/\" \/>\n<meta property=\"og:locale\" content=\"es_ES\" \/>\n<meta property=\"og:type\" content=\"article\" \/>\n<meta property=\"og:title\" content=\"Branches | Amacreama\" \/>\n<meta property=\"og:description\" content=\"Litografia a dues tintes impr\u00e8s sobre paper Michel de 250 grams.  Mida: aproximadament 31x25 cm  Edici\u00f3 limitada: 7 unitats de cada color\" \/>\n<meta property=\"og:url\" content=\"https:\/\/amacreama.com\/es\/producto\/branches\/\" \/>\n<meta property=\"og:site_name\" content=\"Amacreama\" \/>\n<meta property=\"article:modified_time\" content=\"2021-11-24T20:12:21+00:00\" \/>\n<meta property=\"og:image\" content=\"https:\/\/amacreama.com\/wp-content\/uploads\/2021\/08\/DSC_2739.jpg\" \/>\n\t<meta property=\"og:image:width\" content=\"1000\" \/>\n\t<meta property=\"og:image:height\" content=\"1000\" \/>\n\t<meta property=\"og:image:type\" content=\"image\/jpeg\" \/>\n<meta name=\"twitter:card\" content=\"summary_large_image\" \/>\n<meta name=\"twitter:label1\" content=\"Tiempo de lectura\" \/>\n\t<meta name=\"twitter:data1\" content=\"2 minutos\" \/>\n<script type=\"application\/ld+json\" class=\"yoast-schema-graph\">{\"@context\":\"https:\\\/\\\/schema.org\",\"@graph\":[{\"@type\":\"WebPage\",\"@id\":\"https:\\\/\\\/amacreama.com\\\/producto\\\/branches\\\/\",\"url\":\"https:\\\/\\\/amacreama.com\\\/producto\\\/branches\\\/\",\"name\":\"Branches | Amacreama\",\"isPartOf\":{\"@id\":\"https:\\\/\\\/amacreama.com\\\/en\\\/#website\"},\"primaryImageOfPage\":{\"@id\":\"https:\\\/\\\/amacreama.com\\\/producto\\\/branches\\\/#primaryimage\"},\"image\":{\"@id\":\"https:\\\/\\\/amacreama.com\\\/producto\\\/branches\\\/#primaryimage\"},\"thumbnailUrl\":\"https:\\\/\\\/amacreama.com\\\/wp-content\\\/uploads\\\/2021\\\/08\\\/DSC_2739.jpg\",\"datePublished\":\"2021-08-19T09:43:21+00:00\",\"dateModified\":\"2021-11-24T20:12:21+00:00\",\"breadcrumb\":{\"@id\":\"https:\\\/\\\/amacreama.com\\\/producto\\\/branches\\\/#breadcrumb\"},\"inLanguage\":\"es\",\"potentialAction\":[{\"@type\":\"ReadAction\",\"target\":[\"https:\\\/\\\/amacreama.com\\\/producto\\\/branches\\\/\"]}]},{\"@type\":\"ImageObject\",\"inLanguage\":\"es\",\"@id\":\"https:\\\/\\\/amacreama.com\\\/producto\\\/branches\\\/#primaryimage\",\"url\":\"https:\\\/\\\/amacreama.com\\\/wp-content\\\/uploads\\\/2021\\\/08\\\/DSC_2739.jpg\",\"contentUrl\":\"https:\\\/\\\/amacreama.com\\\/wp-content\\\/uploads\\\/2021\\\/08\\\/DSC_2739.jpg\",\"width\":1000,\"height\":1000},{\"@type\":\"BreadcrumbList\",\"@id\":\"https:\\\/\\\/amacreama.com\\\/producto\\\/branches\\\/#breadcrumb\",\"itemListElement\":[{\"@type\":\"ListItem\",\"position\":1,\"name\":\"Home\",\"item\":\"https:\\\/\\\/amacreama.com\\\/\"},{\"@type\":\"ListItem\",\"position\":2,\"name\":\"Botiga\",\"item\":\"https:\\\/\\\/amacreama.com\\\/botiga\\\/\"},{\"@type\":\"ListItem\",\"position\":3,\"name\":\"Branches\"}]},{\"@type\":\"WebSite\",\"@id\":\"https:\\\/\\\/amacreama.com\\\/en\\\/#website\",\"url\":\"https:\\\/\\\/amacreama.com\\\/en\\\/\",\"name\":\"Amacreama\",\"description\":\"amacreama\",\"publisher\":{\"@id\":\"https:\\\/\\\/amacreama.com\\\/en\\\/#organization\"},\"potentialAction\":[{\"@type\":\"SearchAction\",\"target\":{\"@type\":\"EntryPoint\",\"urlTemplate\":\"https:\\\/\\\/amacreama.com\\\/en\\\/?s={search_term_string}\"},\"query-input\":{\"@type\":\"PropertyValueSpecification\",\"valueRequired\":true,\"valueName\":\"search_term_string\"}}],\"inLanguage\":\"es\"},{\"@type\":\"Organization\",\"@id\":\"https:\\\/\\\/amacreama.com\\\/en\\\/#organization\",\"name\":\"Ama Creama\",\"url\":\"https:\\\/\\\/amacreama.com\\\/en\\\/\",\"logo\":{\"@type\":\"ImageObject\",\"inLanguage\":\"es\",\"@id\":\"https:\\\/\\\/amacreama.com\\\/en\\\/#\\\/schema\\\/logo\\\/image\\\/\",\"url\":\"https:\\\/\\\/amacreama.com\\\/wp-content\\\/uploads\\\/2020\\\/04\\\/logoop.jpg\",\"contentUrl\":\"https:\\\/\\\/amacreama.com\\\/wp-content\\\/uploads\\\/2020\\\/04\\\/logoop.jpg\",\"width\":459,\"height\":230,\"caption\":\"Ama Creama\"},\"image\":{\"@id\":\"https:\\\/\\\/amacreama.com\\\/en\\\/#\\\/schema\\\/logo\\\/image\\\/\"}}]}<\/script>\n<!-- \/ Yoast SEO plugin. -->","yoast_head_json":{"title":"Branches | Amacreama","robots":{"index":"index","follow":"follow","max-snippet":"max-snippet:-1","max-image-preview":"max-image-preview:large","max-video-preview":"max-video-preview:-1"},"canonical":"https:\/\/amacreama.com\/es\/producto\/branches\/","og_locale":"es_ES","og_type":"article","og_title":"Branches | Amacreama","og_description":"Litografia a dues tintes impr\u00e8s sobre paper Michel de 250 grams.  Mida: aproximadament 31x25 cm  Edici\u00f3 limitada: 7 unitats de cada color","og_url":"https:\/\/amacreama.com\/es\/producto\/branches\/","og_site_name":"Amacreama","article_modified_time":"2021-11-24T20:12:21+00:00","og_image":[{"width":1000,"height":1000,"url":"https:\/\/amacreama.com\/wp-content\/uploads\/2021\/08\/DSC_2739.jpg","type":"image\/jpeg"}],"twitter_card":"summary_large_image","twitter_misc":{"Tiempo de lectura":"2 minutos"},"schema":{"@context":"https:\/\/schema.org","@graph":[{"@type":"WebPage","@id":"https:\/\/amacreama.com\/producto\/branches\/","url":"https:\/\/amacreama.com\/producto\/branches\/","name":"Branches | Amacreama","isPartOf":{"@id":"https:\/\/amacreama.com\/en\/#website"},"primaryImageOfPage":{"@id":"https:\/\/amacreama.com\/producto\/branches\/#primaryimage"},"image":{"@id":"https:\/\/amacreama.com\/producto\/branches\/#primaryimage"},"thumbnailUrl":"https:\/\/amacreama.com\/wp-content\/uploads\/2021\/08\/DSC_2739.jpg","datePublished":"2021-08-19T09:43:21+00:00","dateModified":"2021-11-24T20:12:21+00:00","breadcrumb":{"@id":"https:\/\/amacreama.com\/producto\/branches\/#breadcrumb"},"inLanguage":"es","potentialAction":[{"@type":"ReadAction","target":["https:\/\/amacreama.com\/producto\/branches\/"]}]},{"@type":"ImageObject","inLanguage":"es","@id":"https:\/\/amacreama.com\/producto\/branches\/#primaryimage","url":"https:\/\/amacreama.com\/wp-content\/uploads\/2021\/08\/DSC_2739.jpg","contentUrl":"https:\/\/amacreama.com\/wp-content\/uploads\/2021\/08\/DSC_2739.jpg","width":1000,"height":1000},{"@type":"BreadcrumbList","@id":"https:\/\/amacreama.com\/producto\/branches\/#breadcrumb","itemListElement":[{"@type":"ListItem","position":1,"name":"Home","item":"https:\/\/amacreama.com\/"},{"@type":"ListItem","position":2,"name":"Botiga","item":"https:\/\/amacreama.com\/botiga\/"},{"@type":"ListItem","position":3,"name":"Branches"}]},{"@type":"WebSite","@id":"https:\/\/amacreama.com\/en\/#website","url":"https:\/\/amacreama.com\/en\/","name":"Amacreama","description":"amacreama","publisher":{"@id":"https:\/\/amacreama.com\/en\/#organization"},"potentialAction":[{"@type":"SearchAction","target":{"@type":"EntryPoint","urlTemplate":"https:\/\/amacreama.com\/en\/?s={search_term_string}"},"query-input":{"@type":"PropertyValueSpecification","valueRequired":true,"valueName":"search_term_string"}}],"inLanguage":"es"},{"@type":"Organization","@id":"https:\/\/amacreama.com\/en\/#organization","name":"Ama Creama","url":"https:\/\/amacreama.com\/en\/","logo":{"@type":"ImageObject","inLanguage":"es","@id":"https:\/\/amacreama.com\/en\/#\/schema\/logo\/image\/","url":"https:\/\/amacreama.com\/wp-content\/uploads\/2020\/04\/logoop.jpg","contentUrl":"https:\/\/amacreama.com\/wp-content\/uploads\/2020\/04\/logoop.jpg","width":459,"height":230,"caption":"Ama Creama"},"image":{"@id":"https:\/\/amacreama.com\/en\/#\/schema\/logo\/image\/"}}]}},"jetpack_sharing_enabled":true,"_links":{"self":[{"href":"https:\/\/amacreama.com\/es\/wp-json\/wp\/v2\/product\/1089","targetHints":{"allow":["GET"]}}],"collection":[{"href":"https:\/\/amacreama.com\/es\/wp-json\/wp\/v2\/product"}],"about":[{"href":"https:\/\/amacreama.com\/es\/wp-json\/wp\/v2\/types\/product"}],"wp:featuredmedia":[{"embeddable":true,"href":"https:\/\/amacreama.com\/es\/wp-json\/wp\/v2\/media\/1500"}],"wp:attachment":[{"href":"https:\/\/amacreama.com\/es\/wp-json\/wp\/v2\/media?parent=1089"}],"wp:term":[{"taxonomy":"product_brand","embeddable":true,"href":"https:\/\/amacreama.com\/es\/wp-json\/wp\/v2\/product_brand?post=1089"},{"taxonomy":"product_cat","embeddable":true,"href":"https:\/\/amacreama.com\/es\/wp-json\/wp\/v2\/product_cat?post=1089"},{"taxonomy":"product_tag","embeddable":true,"href":"https:\/\/amacreama.com\/es\/wp-json\/wp\/v2\/product_tag?post=1089"}],"curies":[{"name":"wp","href":"https:\/\/api.w.org\/{rel}","templated":true}]}}