{"id":1048,"date":"2021-08-08T12:52:56","date_gmt":"2021-08-08T12:52:56","guid":{"rendered":"https:\/\/amacreama.com\/?post_type=product&#038;p=1048"},"modified":"2023-09-13T11:08:52","modified_gmt":"2023-09-13T11:08:52","slug":"llumsdeserpentina","status":"publish","type":"product","link":"https:\/\/amacreama.com\/es\/producto\/lucesdeserpentina\/","title":{"rendered":"Luces de serpentina"},"content":{"rendered":"<p>[et_pb_section fb_built=&#8221;1&#8243; _builder_version=&#8221;4.4.2&#8243; custom_padding=&#8221;4px||3px|||&#8221; global_colors_info=&#8221;{}&#8221;][et_pb_row _builder_version=&#8221;4.4.2&#8243; global_colors_info=&#8221;{}&#8221;][et_pb_column type=&#8221;4_4&#8243; _builder_version=&#8221;4.4.2&#8243; global_colors_info=&#8221;{}&#8221;][et_pb_image src=&#8221;https:\/\/amacreama.com\/wp-content\/uploads\/2020\/04\/logoop.jpg&#8221; align=&#8221;center&#8221; _builder_version=&#8221;4.4.2&#8243; width=&#8221;62%&#8221; max_width=&#8221;26%&#8221; max_width_tablet=&#8221;76%&#8221; max_width_phone=&#8221;71%&#8221; max_width_last_edited=&#8221;on|desktop&#8221; custom_margin=&#8221;||4px|||&#8221; global_colors_info=&#8221;{}&#8221;][\/et_pb_image][et_pb_text _builder_version=&#8221;4.4.2&#8243; text_font=&#8221;ABeeZee||||||||&#8221; text_font_size=&#8221;16px&#8221; text_font_size_tablet=&#8221;&#8221; text_font_size_phone=&#8221;14px&#8221; text_font_size_last_edited=&#8221;on|phone&#8221; global_colors_info=&#8221;{}&#8221;]<\/p>\n<p style=\"text-align: center;\"><strong>ILUSTRACI\u00d3N, DISE\u00d1O GR\u00c1FICO Y ARTES VISUALES<\/strong><\/p>\n<p>[\/et_pb_text][\/et_pb_column][\/et_pb_row][\/et_pb_section][et_pb_section fb_built=&#8221;1&#8243; _builder_version=&#8221;4.4.2&#8243; custom_padding=&#8221;4px||5px|||&#8221; global_colors_info=&#8221;{}&#8221;][et_pb_row _builder_version=&#8221;4.4.2&#8243; custom_margin=&#8221;-6px|auto||auto||&#8221; custom_padding=&#8221;5px||3px|||&#8221; global_colors_info=&#8221;{}&#8221;][et_pb_column type=&#8221;4_4&#8243; _builder_version=&#8221;4.4.2&#8243; global_colors_info=&#8221;{}&#8221;][et_pb_menu menu_style=&#8221;centered&#8221; active_link_color=&#8221;#76a79e&#8221; dropdown_menu_line_color=&#8221;#76a79e&#8221; dropdown_menu_text_color=&#8221;#000000&#8243; dropdown_menu_active_link_color=&#8221;#76a79e&#8221; _builder_version=&#8221;4.4.3&#8243; menu_font=&#8221;ABeeZee||||||||&#8221; menu_text_color=&#8221;#000000&#8243; menu_font_size=&#8221;19px&#8221; global_colors_info=&#8221;{}&#8221;][\/et_pb_menu][\/et_pb_column][\/et_pb_row][\/et_pb_section][et_pb_section fb_built=&#8221;1&#8243; _builder_version=&#8221;3.22&#8243; custom_padding=&#8221;0px||||false|false&#8221; global_colors_info=&#8221;{}&#8221;][et_pb_row _builder_version=&#8221;3.25&#8243; background_size=&#8221;initial&#8221; background_position=&#8221;top_left&#8221; background_repeat=&#8221;repeat&#8221; width=&#8221;100%&#8221; custom_padding=&#8221;0px||0px||false|false&#8221; global_colors_info=&#8221;{}&#8221;][et_pb_column type=&#8221;4_4&#8243; _builder_version=&#8221;3.25&#8243; custom_padding=&#8221;|||&#8221; global_colors_info=&#8221;{}&#8221; custom_padding__hover=&#8221;|||&#8221;][et_pb_wc_breadcrumb _builder_version=&#8221;3.0.47&#8243; global_colors_info=&#8221;{}&#8221;][\/et_pb_wc_breadcrumb][et_pb_wc_cart_notice _builder_version=&#8221;3.0.47&#8243; global_colors_info=&#8221;{}&#8221;][\/et_pb_wc_cart_notice][\/et_pb_column][\/et_pb_row][et_pb_row column_structure=&#8221;1_2,1_2&#8243; _builder_version=&#8221;3.25&#8243; background_size=&#8221;initial&#8221; background_position=&#8221;top_left&#8221; background_repeat=&#8221;repeat&#8221; width=&#8221;100%&#8221; custom_padding=&#8221;0px||||false|false&#8221; global_colors_info=&#8221;{}&#8221;][et_pb_column type=&#8221;1_2&#8243; _builder_version=&#8221;3.25&#8243; custom_padding=&#8221;|||&#8221; global_colors_info=&#8221;{}&#8221; custom_padding__hover=&#8221;|||&#8221;][et_pb_wc_images _builder_version=&#8221;3.0.47&#8243; global_colors_info=&#8221;{}&#8221;][\/et_pb_wc_images][\/et_pb_column][et_pb_column type=&#8221;1_2&#8243; _builder_version=&#8221;3.25&#8243; custom_padding=&#8221;|||&#8221; global_colors_info=&#8221;{}&#8221; custom_padding__hover=&#8221;|||&#8221;][et_pb_wc_title _builder_version=&#8221;3.0.47&#8243; global_colors_info=&#8221;{}&#8221;][\/et_pb_wc_title][et_pb_wc_rating _builder_version=&#8221;3.0.47&#8243; global_colors_info=&#8221;{}&#8221;][\/et_pb_wc_rating][et_pb_wc_price _builder_version=&#8221;3.0.47&#8243; global_colors_info=&#8221;{}&#8221;][\/et_pb_wc_price][et_pb_wc_description _builder_version=&#8221;3.0.47&#8243; global_colors_info=&#8221;{}&#8221;][\/et_pb_wc_description][et_pb_wc_add_to_cart _builder_version=&#8221;3.0.47&#8243; global_colors_info=&#8221;{}&#8221;][\/et_pb_wc_add_to_cart][et_pb_wc_meta _builder_version=&#8221;3.0.47&#8243; global_colors_info=&#8221;{}&#8221;][\/et_pb_wc_meta][\/et_pb_column][\/et_pb_row][et_pb_row _builder_version=&#8221;3.25&#8243; background_size=&#8221;initial&#8221; background_position=&#8221;top_left&#8221; background_repeat=&#8221;repeat&#8221; width=&#8221;100%&#8221; global_colors_info=&#8221;{}&#8221;][et_pb_column type=&#8221;4_4&#8243; _builder_version=&#8221;3.25&#8243; custom_padding=&#8221;|||&#8221; global_colors_info=&#8221;{}&#8221; custom_padding__hover=&#8221;|||&#8221;][et_pb_wc_tabs _builder_version=&#8221;4.5.7&#8243; global_colors_info=&#8221;{}&#8221;]\t\t\t\t\t[\/et_pb_wc_tabs][et_pb_wc_upsells _builder_version=&#8221;3.0.47&#8243; global_colors_info=&#8221;{}&#8221;][\/et_pb_wc_upsells][et_pb_wc_related_products _builder_version=&#8221;4.13.1&#8243; title_font_size=&#8221;20px&#8221; product_title_font_size=&#8221;15px&#8221; global_colors_info=&#8221;{}&#8221;][\/et_pb_wc_related_products][\/et_pb_column][\/et_pb_row][\/et_pb_section]<\/p>","protected":false},"excerpt":{"rendered":"<p>Postal Din 6 impresa en papel shiro de 250 gr acompa\u00f1ada de un sobre craft para ensobrar<\/p>","protected":false},"featured_media":1007,"template":"","meta":{"_et_pb_use_builder":"on","_et_pb_old_content":"Aquest \u00e9s un recull de flors fruit de l\u2019experimentaci\u00f3 buscant resultats sense una idea preconcebuda. \u00c9s un retorn a la infantesa per tornar a l\u2019ess\u00e8ncia de la creaci\u00f3. Est\u00e0 formada per 16 postals DIN A6 cadascuna d\u2019elles acompanyada d\u2019un sobre craft per poder-les ensobrar.","_et_gb_content_width":""},"product_brand":[],"product_cat":[152],"product_tag":[],"class_list":{"0":"post-1048","1":"product","2":"type-product","3":"status-publish","4":"has-post-thumbnail","6":"product_cat-ditades","8":"first","9":"instock","10":"taxable","11":"shipping-taxable","12":"purchasable","13":"product-type-simple"},"yoast_head":"<!-- This site is optimized with the Yoast SEO plugin v27.4 - https:\/\/yoast.com\/product\/yoast-seo-wordpress\/ -->\n<title>Llums de serpentina | Amacreama<\/title>\n<meta name=\"robots\" content=\"index, follow, max-snippet:-1, max-image-preview:large, max-video-preview:-1\" \/>\n<link rel=\"canonical\" href=\"https:\/\/amacreama.com\/es\/producto\/lucesdeserpentina\/\" \/>\n<meta property=\"og:locale\" content=\"es_ES\" \/>\n<meta property=\"og:type\" content=\"article\" \/>\n<meta property=\"og:title\" content=\"Llums de serpentina | Amacreama\" \/>\n<meta property=\"og:description\" content=\"Postal Din 6 impresa en paper shiro de 250 gr acompanyada d&#039;un sobre craft per ensobrar\" \/>\n<meta property=\"og:url\" content=\"https:\/\/amacreama.com\/es\/producto\/lucesdeserpentina\/\" \/>\n<meta property=\"og:site_name\" content=\"Amacreama\" \/>\n<meta property=\"article:modified_time\" content=\"2023-09-13T11:08:52+00:00\" \/>\n<meta property=\"og:image\" content=\"https:\/\/amacreama.com\/wp-content\/uploads\/2021\/08\/llums-de-serpentina.jpg\" \/>\n\t<meta property=\"og:image:width\" content=\"1654\" \/>\n\t<meta property=\"og:image:height\" content=\"1654\" \/>\n\t<meta property=\"og:image:type\" content=\"image\/jpeg\" \/>\n<meta name=\"twitter:card\" content=\"summary_large_image\" \/>\n<meta name=\"twitter:label1\" content=\"Tiempo de lectura\" \/>\n\t<meta name=\"twitter:data1\" content=\"3 minutos\" \/>\n<script type=\"application\/ld+json\" class=\"yoast-schema-graph\">{\"@context\":\"https:\\\/\\\/schema.org\",\"@graph\":[{\"@type\":\"WebPage\",\"@id\":\"https:\\\/\\\/amacreama.com\\\/producto\\\/llumsdeserpentina\\\/\",\"url\":\"https:\\\/\\\/amacreama.com\\\/producto\\\/llumsdeserpentina\\\/\",\"name\":\"Llums de serpentina | Amacreama\",\"isPartOf\":{\"@id\":\"https:\\\/\\\/amacreama.com\\\/en\\\/#website\"},\"primaryImageOfPage\":{\"@id\":\"https:\\\/\\\/amacreama.com\\\/producto\\\/llumsdeserpentina\\\/#primaryimage\"},\"image\":{\"@id\":\"https:\\\/\\\/amacreama.com\\\/producto\\\/llumsdeserpentina\\\/#primaryimage\"},\"thumbnailUrl\":\"https:\\\/\\\/amacreama.com\\\/wp-content\\\/uploads\\\/2021\\\/08\\\/llums-de-serpentina.jpg\",\"datePublished\":\"2021-08-08T12:52:56+00:00\",\"dateModified\":\"2023-09-13T11:08:52+00:00\",\"breadcrumb\":{\"@id\":\"https:\\\/\\\/amacreama.com\\\/producto\\\/llumsdeserpentina\\\/#breadcrumb\"},\"inLanguage\":\"es\",\"potentialAction\":[{\"@type\":\"ReadAction\",\"target\":[\"https:\\\/\\\/amacreama.com\\\/producto\\\/llumsdeserpentina\\\/\"]}]},{\"@type\":\"ImageObject\",\"inLanguage\":\"es\",\"@id\":\"https:\\\/\\\/amacreama.com\\\/producto\\\/llumsdeserpentina\\\/#primaryimage\",\"url\":\"https:\\\/\\\/amacreama.com\\\/wp-content\\\/uploads\\\/2021\\\/08\\\/llums-de-serpentina.jpg\",\"contentUrl\":\"https:\\\/\\\/amacreama.com\\\/wp-content\\\/uploads\\\/2021\\\/08\\\/llums-de-serpentina.jpg\",\"width\":1654,\"height\":1654},{\"@type\":\"BreadcrumbList\",\"@id\":\"https:\\\/\\\/amacreama.com\\\/producto\\\/llumsdeserpentina\\\/#breadcrumb\",\"itemListElement\":[{\"@type\":\"ListItem\",\"position\":1,\"name\":\"Home\",\"item\":\"https:\\\/\\\/amacreama.com\\\/\"},{\"@type\":\"ListItem\",\"position\":2,\"name\":\"Botiga\",\"item\":\"https:\\\/\\\/amacreama.com\\\/botiga\\\/\"},{\"@type\":\"ListItem\",\"position\":3,\"name\":\"Llums de serpentina\"}]},{\"@type\":\"WebSite\",\"@id\":\"https:\\\/\\\/amacreama.com\\\/en\\\/#website\",\"url\":\"https:\\\/\\\/amacreama.com\\\/en\\\/\",\"name\":\"Amacreama\",\"description\":\"amacreama\",\"publisher\":{\"@id\":\"https:\\\/\\\/amacreama.com\\\/en\\\/#organization\"},\"potentialAction\":[{\"@type\":\"SearchAction\",\"target\":{\"@type\":\"EntryPoint\",\"urlTemplate\":\"https:\\\/\\\/amacreama.com\\\/en\\\/?s={search_term_string}\"},\"query-input\":{\"@type\":\"PropertyValueSpecification\",\"valueRequired\":true,\"valueName\":\"search_term_string\"}}],\"inLanguage\":\"es\"},{\"@type\":\"Organization\",\"@id\":\"https:\\\/\\\/amacreama.com\\\/en\\\/#organization\",\"name\":\"Ama Creama\",\"url\":\"https:\\\/\\\/amacreama.com\\\/en\\\/\",\"logo\":{\"@type\":\"ImageObject\",\"inLanguage\":\"es\",\"@id\":\"https:\\\/\\\/amacreama.com\\\/en\\\/#\\\/schema\\\/logo\\\/image\\\/\",\"url\":\"https:\\\/\\\/amacreama.com\\\/wp-content\\\/uploads\\\/2020\\\/04\\\/logoop.jpg\",\"contentUrl\":\"https:\\\/\\\/amacreama.com\\\/wp-content\\\/uploads\\\/2020\\\/04\\\/logoop.jpg\",\"width\":459,\"height\":230,\"caption\":\"Ama Creama\"},\"image\":{\"@id\":\"https:\\\/\\\/amacreama.com\\\/en\\\/#\\\/schema\\\/logo\\\/image\\\/\"}}]}<\/script>\n<!-- \/ Yoast SEO plugin. -->","yoast_head_json":{"title":"Llums de serpentina | Amacreama","robots":{"index":"index","follow":"follow","max-snippet":"max-snippet:-1","max-image-preview":"max-image-preview:large","max-video-preview":"max-video-preview:-1"},"canonical":"https:\/\/amacreama.com\/es\/producto\/lucesdeserpentina\/","og_locale":"es_ES","og_type":"article","og_title":"Llums de serpentina | Amacreama","og_description":"Postal Din 6 impresa en paper shiro de 250 gr acompanyada d'un sobre craft per ensobrar","og_url":"https:\/\/amacreama.com\/es\/producto\/lucesdeserpentina\/","og_site_name":"Amacreama","article_modified_time":"2023-09-13T11:08:52+00:00","og_image":[{"width":1654,"height":1654,"url":"https:\/\/amacreama.com\/wp-content\/uploads\/2021\/08\/llums-de-serpentina.jpg","type":"image\/jpeg"}],"twitter_card":"summary_large_image","twitter_misc":{"Tiempo de lectura":"3 minutos"},"schema":{"@context":"https:\/\/schema.org","@graph":[{"@type":"WebPage","@id":"https:\/\/amacreama.com\/producto\/llumsdeserpentina\/","url":"https:\/\/amacreama.com\/producto\/llumsdeserpentina\/","name":"Llums de serpentina | Amacreama","isPartOf":{"@id":"https:\/\/amacreama.com\/en\/#website"},"primaryImageOfPage":{"@id":"https:\/\/amacreama.com\/producto\/llumsdeserpentina\/#primaryimage"},"image":{"@id":"https:\/\/amacreama.com\/producto\/llumsdeserpentina\/#primaryimage"},"thumbnailUrl":"https:\/\/amacreama.com\/wp-content\/uploads\/2021\/08\/llums-de-serpentina.jpg","datePublished":"2021-08-08T12:52:56+00:00","dateModified":"2023-09-13T11:08:52+00:00","breadcrumb":{"@id":"https:\/\/amacreama.com\/producto\/llumsdeserpentina\/#breadcrumb"},"inLanguage":"es","potentialAction":[{"@type":"ReadAction","target":["https:\/\/amacreama.com\/producto\/llumsdeserpentina\/"]}]},{"@type":"ImageObject","inLanguage":"es","@id":"https:\/\/amacreama.com\/producto\/llumsdeserpentina\/#primaryimage","url":"https:\/\/amacreama.com\/wp-content\/uploads\/2021\/08\/llums-de-serpentina.jpg","contentUrl":"https:\/\/amacreama.com\/wp-content\/uploads\/2021\/08\/llums-de-serpentina.jpg","width":1654,"height":1654},{"@type":"BreadcrumbList","@id":"https:\/\/amacreama.com\/producto\/llumsdeserpentina\/#breadcrumb","itemListElement":[{"@type":"ListItem","position":1,"name":"Home","item":"https:\/\/amacreama.com\/"},{"@type":"ListItem","position":2,"name":"Botiga","item":"https:\/\/amacreama.com\/botiga\/"},{"@type":"ListItem","position":3,"name":"Llums de serpentina"}]},{"@type":"WebSite","@id":"https:\/\/amacreama.com\/en\/#website","url":"https:\/\/amacreama.com\/en\/","name":"Amacreama","description":"amacreama","publisher":{"@id":"https:\/\/amacreama.com\/en\/#organization"},"potentialAction":[{"@type":"SearchAction","target":{"@type":"EntryPoint","urlTemplate":"https:\/\/amacreama.com\/en\/?s={search_term_string}"},"query-input":{"@type":"PropertyValueSpecification","valueRequired":true,"valueName":"search_term_string"}}],"inLanguage":"es"},{"@type":"Organization","@id":"https:\/\/amacreama.com\/en\/#organization","name":"Ama Creama","url":"https:\/\/amacreama.com\/en\/","logo":{"@type":"ImageObject","inLanguage":"es","@id":"https:\/\/amacreama.com\/en\/#\/schema\/logo\/image\/","url":"https:\/\/amacreama.com\/wp-content\/uploads\/2020\/04\/logoop.jpg","contentUrl":"https:\/\/amacreama.com\/wp-content\/uploads\/2020\/04\/logoop.jpg","width":459,"height":230,"caption":"Ama Creama"},"image":{"@id":"https:\/\/amacreama.com\/en\/#\/schema\/logo\/image\/"}}]}},"jetpack_sharing_enabled":true,"_links":{"self":[{"href":"https:\/\/amacreama.com\/es\/wp-json\/wp\/v2\/product\/1048","targetHints":{"allow":["GET"]}}],"collection":[{"href":"https:\/\/amacreama.com\/es\/wp-json\/wp\/v2\/product"}],"about":[{"href":"https:\/\/amacreama.com\/es\/wp-json\/wp\/v2\/types\/product"}],"wp:featuredmedia":[{"embeddable":true,"href":"https:\/\/amacreama.com\/es\/wp-json\/wp\/v2\/media\/1007"}],"wp:attachment":[{"href":"https:\/\/amacreama.com\/es\/wp-json\/wp\/v2\/media?parent=1048"}],"wp:term":[{"taxonomy":"product_brand","embeddable":true,"href":"https:\/\/amacreama.com\/es\/wp-json\/wp\/v2\/product_brand?post=1048"},{"taxonomy":"product_cat","embeddable":true,"href":"https:\/\/amacreama.com\/es\/wp-json\/wp\/v2\/product_cat?post=1048"},{"taxonomy":"product_tag","embeddable":true,"href":"https:\/\/amacreama.com\/es\/wp-json\/wp\/v2\/product_tag?post=1048"}],"curies":[{"name":"wp","href":"https:\/\/api.w.org\/{rel}","templated":true}]}}