{"id":2217,"date":"2023-09-06T10:38:21","date_gmt":"2023-09-06T10:38:21","guid":{"rendered":"https:\/\/amacreama.com\/?page_id=2217"},"modified":"2025-04-23T14:42:32","modified_gmt":"2025-04-23T12:42:32","slug":"plantes-de-casa","status":"publish","type":"page","link":"https:\/\/amacreama.com\/es\/plantas-de-casa\/","title":{"rendered":"Plantas de casa"},"content":{"rendered":"<p>[et_pb_section fb_built=\u201d1\u2033 _builder_version=\u201d4.16\u2033 custom_padding=\u201d41px|||||\u201d global_colors_info=\u201d{}\u201d][et_pb_row _builder_version=\u201d4.16\u2033 global_colors_info=\u201d{}\u201d][et_pb_column type=\u201d4_4\u2033 _builder_version=\u201d4.16\u2033 global_colors_info=\u201d{}\u201d][et_pb_text=_builder. text_font=\u201d|800|||||||\u201d text_text_color=\u201d#818386\u2033 text_font_size=\u201d18px\u201d custom_margin=\u201d||22px|||\u201d global_colors_info=\u201d{}\u201d]<\/p>\n<p style=\"text-align: left;\">PLANTAS DE CASA<\/p>\n<p>[\/et_pb_text][et_pb_text _builder_version=\u201d4.16\u2033 text_text_color=\u201d#000000\u2033 text_font_size=\u201d19px\u201d custom_margin=\u201d||52px|||\u201d custom_padding=\u201d||9px|||\u201d global_colors_info=\u201d{}\u201d]<\/p>\n<p style=\"text-align: left;\">&#039;Plantes de Casa&#039; es una colecci\u00f3n de ilustraciones de plantas que se encuentran t\u00edpicamente en casa. <\/p>\n<p style=\"text-align: left;\">El inter\u00e9s por la observaci\u00f3n de \u00e9stas empez\u00f3 al observar a\u00f1o tras a\u00f1o como a pesar de los cuidados que intentaba aplicar cada a\u00f1o hab\u00eda alguna u otra plaga que las atacaba. Es una manera de inmortalizarlas en el m\u00e1ximo esplendor.<\/p>\n<p>[\/et_pb_text][et_pb_shop type=\u201dproduct_category\u201d show_pagination=\u201ddonde\u201d include_categories=\u201d217\u2033 columns_number=\u201d4\u2033 icon_hover_color=\u201d#e0e1e3\u2033 _builder_version=\u201d4.16\u2033|e|| title_text_align=\u201dcenter\u201d title_font_size=\u201d15px\u201d price_font=\u201dABeeZee|700|||||||| price_text_color=\u201d#76a79e\u201d price_font_size=\u201d13px\u201d price_line_height=\u201d13px\u201d text_orientation=\u201dcenter\u201d hover_enabled=\u201d0\u2033 border_width_all_image=\u201d1px\u201d border_color_all_image=\u201d1TP sticky_enabled=\u201d0\u2033][\/et_pb_shop][\/et_pb_column][\/et_pb_row][\/et_pb_section]<\/p>","protected":false},"excerpt":{"rendered":"<p>PLANTAS DE CASA&#039;Plantes de Casa&#039; es una colecci\u00f3n de ilustraciones de plantas que se encuentran t\u00edpicamente en casa. El inter\u00e9s por la observaci\u00f3n de \u00e9stas empez\u00f3 al observar a\u00f1o tras a\u00f1o como a pesar de los cuidados que intentaba aplicar cada a\u00f1o hab\u00eda alguna u otra plaga que las atacaba. Es una manera de inmortalizarlas en el m\u00e1ximo esplendor.<\/p>","protected":false},"author":3,"featured_media":0,"parent":0,"menu_order":0,"comment_status":"closed","ping_status":"closed","template":"","meta":{"_et_pb_use_builder":"on","_et_pb_old_content":"","_et_gb_content_width":"","footnotes":""},"class_list":["post-2217","page","type-page","status-publish","hentry"],"yoast_head":"<!-- This site is optimized with the Yoast SEO plugin v27.5 - https:\/\/yoast.com\/product\/yoast-seo-wordpress\/ -->\n<title>Plantes de casa | Amacreama<\/title>\n<meta name=\"robots\" content=\"index, follow, max-snippet:-1, max-image-preview:large, max-video-preview:-1\" \/>\n<link rel=\"canonical\" href=\"https:\/\/amacreama.com\/es\/plantas-de-casa\/\" \/>\n<meta property=\"og:locale\" content=\"es_ES\" \/>\n<meta property=\"og:type\" content=\"article\" \/>\n<meta property=\"og:title\" content=\"Plantes de casa | Amacreama\" \/>\n<meta property=\"og:description\" content=\"PLANTES DE CASA\u2018Plantes de Casa\u2019 es una col\u00b7lecci\u00f3 d\u2019il\u00b7lustracions de plantes que es troben t\u00edpicament a casa. L\u2019inter\u00e8s per l\u2019observaci\u00f3 d\u2019aquestes va comen\u00e7ar en observar any rere any com malgrat les cures que intentava aplicar cada any hi havia alguna o altra plaga que les atacava. \u00c9s una manera d\u2019immortalitzarles en la m\u00e0xima esplendor.\" \/>\n<meta property=\"og:url\" content=\"https:\/\/amacreama.com\/es\/plantas-de-casa\/\" \/>\n<meta property=\"og:site_name\" content=\"Amacreama\" \/>\n<meta property=\"article:modified_time\" content=\"2025-04-23T12:42:32+00:00\" \/>\n<meta name=\"twitter:card\" content=\"summary_large_image\" \/>\n<meta name=\"twitter:label1\" content=\"Tiempo de lectura\" \/>\n\t<meta name=\"twitter:data1\" content=\"1 minuto\" \/>\n<script type=\"application\/ld+json\" class=\"yoast-schema-graph\">{\"@context\":\"https:\\\/\\\/schema.org\",\"@graph\":[{\"@type\":\"WebPage\",\"@id\":\"https:\\\/\\\/amacreama.com\\\/plantes-de-casa\\\/\",\"url\":\"https:\\\/\\\/amacreama.com\\\/plantes-de-casa\\\/\",\"name\":\"Plantes de casa | Amacreama\",\"isPartOf\":{\"@id\":\"https:\\\/\\\/amacreama.com\\\/en\\\/#website\"},\"datePublished\":\"2023-09-06T10:38:21+00:00\",\"dateModified\":\"2025-04-23T12:42:32+00:00\",\"breadcrumb\":{\"@id\":\"https:\\\/\\\/amacreama.com\\\/plantes-de-casa\\\/#breadcrumb\"},\"inLanguage\":\"es\",\"potentialAction\":[{\"@type\":\"ReadAction\",\"target\":[\"https:\\\/\\\/amacreama.com\\\/plantes-de-casa\\\/\"]}]},{\"@type\":\"BreadcrumbList\",\"@id\":\"https:\\\/\\\/amacreama.com\\\/plantes-de-casa\\\/#breadcrumb\",\"itemListElement\":[{\"@type\":\"ListItem\",\"position\":1,\"name\":\"Home\",\"item\":\"https:\\\/\\\/amacreama.com\\\/\"},{\"@type\":\"ListItem\",\"position\":2,\"name\":\"Plantes de casa\"}]},{\"@type\":\"WebSite\",\"@id\":\"https:\\\/\\\/amacreama.com\\\/en\\\/#website\",\"url\":\"https:\\\/\\\/amacreama.com\\\/en\\\/\",\"name\":\"Amacreama\",\"description\":\"amacreama\",\"publisher\":{\"@id\":\"https:\\\/\\\/amacreama.com\\\/en\\\/#organization\"},\"potentialAction\":[{\"@type\":\"SearchAction\",\"target\":{\"@type\":\"EntryPoint\",\"urlTemplate\":\"https:\\\/\\\/amacreama.com\\\/en\\\/?s={search_term_string}\"},\"query-input\":{\"@type\":\"PropertyValueSpecification\",\"valueRequired\":true,\"valueName\":\"search_term_string\"}}],\"inLanguage\":\"es\"},{\"@type\":\"Organization\",\"@id\":\"https:\\\/\\\/amacreama.com\\\/en\\\/#organization\",\"name\":\"Ama Creama\",\"url\":\"https:\\\/\\\/amacreama.com\\\/en\\\/\",\"logo\":{\"@type\":\"ImageObject\",\"inLanguage\":\"es\",\"@id\":\"https:\\\/\\\/amacreama.com\\\/en\\\/#\\\/schema\\\/logo\\\/image\\\/\",\"url\":\"https:\\\/\\\/amacreama.com\\\/wp-content\\\/uploads\\\/2020\\\/04\\\/logoop.jpg\",\"contentUrl\":\"https:\\\/\\\/amacreama.com\\\/wp-content\\\/uploads\\\/2020\\\/04\\\/logoop.jpg\",\"width\":459,\"height\":230,\"caption\":\"Ama Creama\"},\"image\":{\"@id\":\"https:\\\/\\\/amacreama.com\\\/en\\\/#\\\/schema\\\/logo\\\/image\\\/\"}}]}<\/script>\n<!-- \/ Yoast SEO plugin. -->","yoast_head_json":{"title":"Plantes de casa | Amacreama","robots":{"index":"index","follow":"follow","max-snippet":"max-snippet:-1","max-image-preview":"max-image-preview:large","max-video-preview":"max-video-preview:-1"},"canonical":"https:\/\/amacreama.com\/es\/plantas-de-casa\/","og_locale":"es_ES","og_type":"article","og_title":"Plantes de casa | Amacreama","og_description":"PLANTES DE CASA\u2018Plantes de Casa\u2019 es una col\u00b7lecci\u00f3 d\u2019il\u00b7lustracions de plantes que es troben t\u00edpicament a casa. L\u2019inter\u00e8s per l\u2019observaci\u00f3 d\u2019aquestes va comen\u00e7ar en observar any rere any com malgrat les cures que intentava aplicar cada any hi havia alguna o altra plaga que les atacava. \u00c9s una manera d\u2019immortalitzarles en la m\u00e0xima esplendor.","og_url":"https:\/\/amacreama.com\/es\/plantas-de-casa\/","og_site_name":"Amacreama","article_modified_time":"2025-04-23T12:42:32+00:00","twitter_card":"summary_large_image","twitter_misc":{"Tiempo de lectura":"1 minuto"},"schema":{"@context":"https:\/\/schema.org","@graph":[{"@type":"WebPage","@id":"https:\/\/amacreama.com\/plantes-de-casa\/","url":"https:\/\/amacreama.com\/plantes-de-casa\/","name":"Plantes de casa | Amacreama","isPartOf":{"@id":"https:\/\/amacreama.com\/en\/#website"},"datePublished":"2023-09-06T10:38:21+00:00","dateModified":"2025-04-23T12:42:32+00:00","breadcrumb":{"@id":"https:\/\/amacreama.com\/plantes-de-casa\/#breadcrumb"},"inLanguage":"es","potentialAction":[{"@type":"ReadAction","target":["https:\/\/amacreama.com\/plantes-de-casa\/"]}]},{"@type":"BreadcrumbList","@id":"https:\/\/amacreama.com\/plantes-de-casa\/#breadcrumb","itemListElement":[{"@type":"ListItem","position":1,"name":"Home","item":"https:\/\/amacreama.com\/"},{"@type":"ListItem","position":2,"name":"Plantes de casa"}]},{"@type":"WebSite","@id":"https:\/\/amacreama.com\/en\/#website","url":"https:\/\/amacreama.com\/en\/","name":"Amacreama","description":"amacreama","publisher":{"@id":"https:\/\/amacreama.com\/en\/#organization"},"potentialAction":[{"@type":"SearchAction","target":{"@type":"EntryPoint","urlTemplate":"https:\/\/amacreama.com\/en\/?s={search_term_string}"},"query-input":{"@type":"PropertyValueSpecification","valueRequired":true,"valueName":"search_term_string"}}],"inLanguage":"es"},{"@type":"Organization","@id":"https:\/\/amacreama.com\/en\/#organization","name":"Ama Creama","url":"https:\/\/amacreama.com\/en\/","logo":{"@type":"ImageObject","inLanguage":"es","@id":"https:\/\/amacreama.com\/en\/#\/schema\/logo\/image\/","url":"https:\/\/amacreama.com\/wp-content\/uploads\/2020\/04\/logoop.jpg","contentUrl":"https:\/\/amacreama.com\/wp-content\/uploads\/2020\/04\/logoop.jpg","width":459,"height":230,"caption":"Ama Creama"},"image":{"@id":"https:\/\/amacreama.com\/en\/#\/schema\/logo\/image\/"}}]}},"jetpack_sharing_enabled":true,"_links":{"self":[{"href":"https:\/\/amacreama.com\/es\/wp-json\/wp\/v2\/pages\/2217","targetHints":{"allow":["GET"]}}],"collection":[{"href":"https:\/\/amacreama.com\/es\/wp-json\/wp\/v2\/pages"}],"about":[{"href":"https:\/\/amacreama.com\/es\/wp-json\/wp\/v2\/types\/page"}],"author":[{"embeddable":true,"href":"https:\/\/amacreama.com\/es\/wp-json\/wp\/v2\/users\/3"}],"replies":[{"embeddable":true,"href":"https:\/\/amacreama.com\/es\/wp-json\/wp\/v2\/comments?post=2217"}],"version-history":[{"count":3,"href":"https:\/\/amacreama.com\/es\/wp-json\/wp\/v2\/pages\/2217\/revisions"}],"predecessor-version":[{"id":3484,"href":"https:\/\/amacreama.com\/es\/wp-json\/wp\/v2\/pages\/2217\/revisions\/3484"}],"wp:attachment":[{"href":"https:\/\/amacreama.com\/es\/wp-json\/wp\/v2\/media?parent=2217"}],"curies":[{"name":"wp","href":"https:\/\/api.w.org\/{rel}","templated":true}]}}