{"id":188,"date":"2020-04-12T14:29:59","date_gmt":"2020-04-12T14:29:59","guid":{"rendered":"https:\/\/amacreama.com\/?page_id=188"},"modified":"2024-10-17T13:57:11","modified_gmt":"2024-10-17T13:57:11","slug":"portfoli","status":"publish","type":"page","link":"https:\/\/amacreama.com\/es\/portfolio\/","title":{"rendered":"PORTFOLIO"},"content":{"rendered":"[et_pb_section fb_built=\u201d1\u2033 _builder_version=\u201d4.4.3\u2033 custom_padding=\u201d3px|||||\u201d global_colors_info=\u201d{}\u201d][et_pb_row _builder_version=\u201d4.14.1\u2033 _module_preset=\u201ddefault\u201d][et_pb_column _builder_version=\u201d4.14.1\u2033 _module_preset=\u201ddefault\u201d type=\u201d4_4\u2033][. _module_preset=\u201ddefault\u201d hover_enabled=\u201d0\u2033 sticky_enabled=\u201d0\u2033]<h1 style=\"text-align: center;\"><span style=\"color: #000000;\">PORTFOLIO<\/span><\/h1>[\/et_pb_text][\/et_pb_column][\/et_pb_row][et_pb_row _builder_version=\u201d4.14.1\u2033 custom_padding=\u201d3px|||||\u201d global_colors_info=\u201d{}\u201d][et_pb_column type=\u201d4_4\u2033 _builder_version=\u201d4.4.3\u2033 global_colors_info=\u201d{}\u201d][et_pb_portfolio fullwidth=\u201doff\u201d posts_number=\u201d14\u2033 include_categories=\u201d35,36\u2033 zoom_icon_color=\u201d#76a79e\u201d _builder_version=\u201d4.14.1\u2033 title_font=\u201dABeeZee||||||||| title_text_align=\u201dcenter\u201d title_font_size=\u201d16px\u201d title_line_height=\u201d2em\u201d hover_enabled=\u201d0\u2033 border_width_all=\u201d1px\u201d border_color_all=\u201d#e0e1e3\u2033 border_style_all=\u201dnone\u201d border_6 border_style_all_image=\u201dnone\u201d global_colors_info=\u201d{}\u201d border_radii__hover_enabled=\u201don|desktop\u201d border_radii__hover=\u201don||||\u201d border_radii_image__hover_enabled=\u201doff|desktop\u201d border_width_all__hover_enabled=\u201doff|hover\u201d sticky_enabled=\u201d0\u2033][\/et_pb_portfolio][\/et_pb_column][\/et_pb_row][\/et_pb_section]","protected":false},"excerpt":{"rendered":"<p>PORTFOLIO<\/p>","protected":false},"author":2,"featured_media":0,"parent":0,"menu_order":0,"comment_status":"closed","ping_status":"closed","template":"","meta":{"_et_pb_use_builder":"on","_et_pb_old_content":"","_et_gb_content_width":"","footnotes":""},"class_list":["post-188","page","type-page","status-publish","hentry"],"yoast_head":"<!-- This site is optimized with the Yoast SEO plugin v27.4 - https:\/\/yoast.com\/product\/yoast-seo-wordpress\/ -->\n<title>Portfolio d&#039;Ama Creama \u2013 Il\u00b7lustracions i Gravat Art\u00edstic Fets a M\u00e0<\/title>\n<meta name=\"description\" content=\"Explora el portfolio d\u2019Ama Creama i descobreix una col\u00b7lecci\u00f3 d&#039;il\u00b7lustracions i gravats fets a m\u00e0. Art original amb estil \u00fanic i creativitat sense l\u00edmits.\" \/>\n<meta name=\"robots\" content=\"index, follow, max-snippet:-1, max-image-preview:large, max-video-preview:-1\" \/>\n<link rel=\"canonical\" href=\"https:\/\/amacreama.com\/es\/portfolio\/\" \/>\n<meta property=\"og:locale\" content=\"es_ES\" \/>\n<meta property=\"og:type\" content=\"article\" \/>\n<meta property=\"og:title\" content=\"Portfolio d&#039;Ama Creama \u2013 Il\u00b7lustracions i Gravat Art\u00edstic Fets a M\u00e0\" \/>\n<meta property=\"og:description\" content=\"Explora el portfolio d\u2019Ama Creama i descobreix una col\u00b7lecci\u00f3 d&#039;il\u00b7lustracions i gravats fets a m\u00e0. Art original amb estil \u00fanic i creativitat sense l\u00edmits.\" \/>\n<meta property=\"og:url\" content=\"https:\/\/amacreama.com\/es\/portfolio\/\" \/>\n<meta property=\"og:site_name\" content=\"Amacreama\" \/>\n<meta property=\"article:modified_time\" content=\"2024-10-17T13:57:11+00:00\" \/>\n<meta name=\"twitter:card\" content=\"summary_large_image\" \/>\n<meta name=\"twitter:label1\" content=\"Tiempo de lectura\" \/>\n\t<meta name=\"twitter:data1\" content=\"1 minuto\" \/>\n<script type=\"application\/ld+json\" class=\"yoast-schema-graph\">{\"@context\":\"https:\\\/\\\/schema.org\",\"@graph\":[{\"@type\":\"WebPage\",\"@id\":\"https:\\\/\\\/amacreama.com\\\/portfoli\\\/\",\"url\":\"https:\\\/\\\/amacreama.com\\\/portfoli\\\/\",\"name\":\"Portfolio d'Ama Creama \u2013 Il\u00b7lustracions i Gravat Art\u00edstic Fets a M\u00e0\",\"isPartOf\":{\"@id\":\"https:\\\/\\\/amacreama.com\\\/en\\\/#website\"},\"datePublished\":\"2020-04-12T14:29:59+00:00\",\"dateModified\":\"2024-10-17T13:57:11+00:00\",\"description\":\"Explora el portfolio d\u2019Ama Creama i descobreix una col\u00b7lecci\u00f3 d'il\u00b7lustracions i gravats fets a m\u00e0. Art original amb estil \u00fanic i creativitat sense l\u00edmits.\",\"breadcrumb\":{\"@id\":\"https:\\\/\\\/amacreama.com\\\/portfoli\\\/#breadcrumb\"},\"inLanguage\":\"es\",\"potentialAction\":[{\"@type\":\"ReadAction\",\"target\":[\"https:\\\/\\\/amacreama.com\\\/portfoli\\\/\"]}]},{\"@type\":\"BreadcrumbList\",\"@id\":\"https:\\\/\\\/amacreama.com\\\/portfoli\\\/#breadcrumb\",\"itemListElement\":[{\"@type\":\"ListItem\",\"position\":1,\"name\":\"Home\",\"item\":\"https:\\\/\\\/amacreama.com\\\/\"},{\"@type\":\"ListItem\",\"position\":2,\"name\":\"PORTFOLI\"}]},{\"@type\":\"WebSite\",\"@id\":\"https:\\\/\\\/amacreama.com\\\/en\\\/#website\",\"url\":\"https:\\\/\\\/amacreama.com\\\/en\\\/\",\"name\":\"Amacreama\",\"description\":\"amacreama\",\"publisher\":{\"@id\":\"https:\\\/\\\/amacreama.com\\\/en\\\/#organization\"},\"potentialAction\":[{\"@type\":\"SearchAction\",\"target\":{\"@type\":\"EntryPoint\",\"urlTemplate\":\"https:\\\/\\\/amacreama.com\\\/en\\\/?s={search_term_string}\"},\"query-input\":{\"@type\":\"PropertyValueSpecification\",\"valueRequired\":true,\"valueName\":\"search_term_string\"}}],\"inLanguage\":\"es\"},{\"@type\":\"Organization\",\"@id\":\"https:\\\/\\\/amacreama.com\\\/en\\\/#organization\",\"name\":\"Ama Creama\",\"url\":\"https:\\\/\\\/amacreama.com\\\/en\\\/\",\"logo\":{\"@type\":\"ImageObject\",\"inLanguage\":\"es\",\"@id\":\"https:\\\/\\\/amacreama.com\\\/en\\\/#\\\/schema\\\/logo\\\/image\\\/\",\"url\":\"https:\\\/\\\/amacreama.com\\\/wp-content\\\/uploads\\\/2020\\\/04\\\/logoop.jpg\",\"contentUrl\":\"https:\\\/\\\/amacreama.com\\\/wp-content\\\/uploads\\\/2020\\\/04\\\/logoop.jpg\",\"width\":459,\"height\":230,\"caption\":\"Ama Creama\"},\"image\":{\"@id\":\"https:\\\/\\\/amacreama.com\\\/en\\\/#\\\/schema\\\/logo\\\/image\\\/\"}}]}<\/script>\n<!-- \/ Yoast SEO plugin. -->","yoast_head_json":{"title":"Portfolio d'Ama Creama \u2013 Il\u00b7lustracions i Gravat Art\u00edstic Fets a M\u00e0","description":"Explora el portfolio d\u2019Ama Creama i descobreix una col\u00b7lecci\u00f3 d'il\u00b7lustracions i gravats fets a m\u00e0. Art original amb estil \u00fanic i creativitat sense l\u00edmits.","robots":{"index":"index","follow":"follow","max-snippet":"max-snippet:-1","max-image-preview":"max-image-preview:large","max-video-preview":"max-video-preview:-1"},"canonical":"https:\/\/amacreama.com\/es\/portfolio\/","og_locale":"es_ES","og_type":"article","og_title":"Portfolio d'Ama Creama \u2013 Il\u00b7lustracions i Gravat Art\u00edstic Fets a M\u00e0","og_description":"Explora el portfolio d\u2019Ama Creama i descobreix una col\u00b7lecci\u00f3 d'il\u00b7lustracions i gravats fets a m\u00e0. Art original amb estil \u00fanic i creativitat sense l\u00edmits.","og_url":"https:\/\/amacreama.com\/es\/portfolio\/","og_site_name":"Amacreama","article_modified_time":"2024-10-17T13:57:11+00:00","twitter_card":"summary_large_image","twitter_misc":{"Tiempo de lectura":"1 minuto"},"schema":{"@context":"https:\/\/schema.org","@graph":[{"@type":"WebPage","@id":"https:\/\/amacreama.com\/portfoli\/","url":"https:\/\/amacreama.com\/portfoli\/","name":"Portfolio d'Ama Creama \u2013 Il\u00b7lustracions i Gravat Art\u00edstic Fets a M\u00e0","isPartOf":{"@id":"https:\/\/amacreama.com\/en\/#website"},"datePublished":"2020-04-12T14:29:59+00:00","dateModified":"2024-10-17T13:57:11+00:00","description":"Explora el portfolio d\u2019Ama Creama i descobreix una col\u00b7lecci\u00f3 d'il\u00b7lustracions i gravats fets a m\u00e0. Art original amb estil \u00fanic i creativitat sense l\u00edmits.","breadcrumb":{"@id":"https:\/\/amacreama.com\/portfoli\/#breadcrumb"},"inLanguage":"es","potentialAction":[{"@type":"ReadAction","target":["https:\/\/amacreama.com\/portfoli\/"]}]},{"@type":"BreadcrumbList","@id":"https:\/\/amacreama.com\/portfoli\/#breadcrumb","itemListElement":[{"@type":"ListItem","position":1,"name":"Home","item":"https:\/\/amacreama.com\/"},{"@type":"ListItem","position":2,"name":"PORTFOLI"}]},{"@type":"WebSite","@id":"https:\/\/amacreama.com\/en\/#website","url":"https:\/\/amacreama.com\/en\/","name":"Amacreama","description":"amacreama","publisher":{"@id":"https:\/\/amacreama.com\/en\/#organization"},"potentialAction":[{"@type":"SearchAction","target":{"@type":"EntryPoint","urlTemplate":"https:\/\/amacreama.com\/en\/?s={search_term_string}"},"query-input":{"@type":"PropertyValueSpecification","valueRequired":true,"valueName":"search_term_string"}}],"inLanguage":"es"},{"@type":"Organization","@id":"https:\/\/amacreama.com\/en\/#organization","name":"Ama Creama","url":"https:\/\/amacreama.com\/en\/","logo":{"@type":"ImageObject","inLanguage":"es","@id":"https:\/\/amacreama.com\/en\/#\/schema\/logo\/image\/","url":"https:\/\/amacreama.com\/wp-content\/uploads\/2020\/04\/logoop.jpg","contentUrl":"https:\/\/amacreama.com\/wp-content\/uploads\/2020\/04\/logoop.jpg","width":459,"height":230,"caption":"Ama Creama"},"image":{"@id":"https:\/\/amacreama.com\/en\/#\/schema\/logo\/image\/"}}]}},"jetpack_sharing_enabled":true,"_links":{"self":[{"href":"https:\/\/amacreama.com\/es\/wp-json\/wp\/v2\/pages\/188","targetHints":{"allow":["GET"]}}],"collection":[{"href":"https:\/\/amacreama.com\/es\/wp-json\/wp\/v2\/pages"}],"about":[{"href":"https:\/\/amacreama.com\/es\/wp-json\/wp\/v2\/types\/page"}],"author":[{"embeddable":true,"href":"https:\/\/amacreama.com\/es\/wp-json\/wp\/v2\/users\/2"}],"replies":[{"embeddable":true,"href":"https:\/\/amacreama.com\/es\/wp-json\/wp\/v2\/comments?post=188"}],"version-history":[{"count":0,"href":"https:\/\/amacreama.com\/es\/wp-json\/wp\/v2\/pages\/188\/revisions"}],"wp:attachment":[{"href":"https:\/\/amacreama.com\/es\/wp-json\/wp\/v2\/media?parent=188"}],"curies":[{"name":"wp","href":"https:\/\/api.w.org\/{rel}","templated":true}]}}