{"id":256,"date":"2020-04-13T15:02:08","date_gmt":"2020-04-13T15:02:08","guid":{"rendered":"https:\/\/amacreama.com\/?page_id=256"},"modified":"2025-03-28T12:28:22","modified_gmt":"2025-03-28T12:28:22","slug":"botiga","status":"publish","type":"page","link":"https:\/\/amacreama.com\/en\/store\/","title":{"rendered":"shop"},"content":{"rendered":"<p>[et_pb_section fb_built=\u201d1\u2033 _builder_version=\u201d4.14.1\u2033 _module_preset=\u201ddefault\u201d global_colors_info=\u201d{}\u201d][et_pb_row column_structure=\u201d1_3,1_3,1_3\u2033 disabled_on=\u201doff|off|off\u201d _builder_version=\u201d4.14.1\u2033 _module_preset=\u201ddefault\u201d global_colors_info=\u201d{}\u201d][et_pb_column type=\u201d1_3\u2033 _builder_version=\u201d4.13.1\u2033 _module_preset=\u201ddefault\u201d global_colors_info=\u201d{}\u201d][et_pb_blurb url=\u201dhttps:\/\/amacreama.com\/prints\/\u201d image=\u201dhttps:\/\/amacreama.com\/wp-content\/uploads\/2020\/04\/mantes-2.jpg\u201d _builder_version=\u201d4.14.1\u2033 _module_preset=\u201ddefault\u201d header_level=\u201dh2\u2033 header_text_align=\u201dcenter\u201d header_font_size=\u201d18px\u201d header_line_height=\u201d0em\u201d animation=\u201doff\u201d link_option_url=\u201dhttps:\/\/amacreama.com\/prints\/\u201d hover_enabled=\u201d0\u2033 global_colors_info=\u201d{}\u201d title_text=\u201dmantes\u201d sticky_enabled=\u201d0\u2033]<\/p>\n<p style=\"text-align: center;\"><strong>Prints<\/strong><\/p>\n<p>[\/et_pb_blurb][\/et_pb_column][et_pb_column type=\u201d1_3\u2033 _builder_version=\u201d4.13.1\u2033 _module_preset=\u201ddefault\u201d global_colors_info=\u201d{}\u201d][et_pb_blurb url=\u201dhttps:\/\/amacreama.com\/gravats\/\u201d image=\u201dhttps:\/\/amacreama.com\/wp-content\/uploads\/2022\/12\/ITW-2-Baixa.jpg\u201d _builder_version=\u201d4.14.1\u2033 _module_preset=\u201ddefault\u201d header_level=\u201dh2\u2033 header_text_align=\u201dcenter\u201d header_font_size=\u201d18px\u201d header_line_height=\u201d0em\u201d animation=\u201doff\u201d link_option_url=\u201dhttps:\/\/amacreama.com\/gravats\/\u201d hover_enabled=\u201d0\u2033 global_colors_info=\u201d{}\u201d alt=\u201dhand-painted landscape engravings\u201d title_text=\u201dA3 white landscape sheet and black 6\u2033 sticky_enabled=\u201d0\u2033]<\/p>\n<p style=\"text-align: center;\"><strong>Engravings<\/strong><\/p>\n<p>[\/et_pb_blurb][\/et_pb_column][et_pb_column type=\u201d1_3\u2033 _builder_version=\u201d4.13.1\u2033 _module_preset=\u201ddefault\u201d global_colors_info=\u201d{}\u201d][et_pb_blurb url=\u201dhttps:\/\/amacreama.com\/postcards\/\u201d image=\u201dhttps:\/\/amacreama.com\/wp-content\/uploads\/2021\/11\/DSC_9347-WEB.jpg\u201d _builder_version=\u201d4.14.1\u2033 _module_preset=\u201ddefault\u201d header_level=\u201dh2\u2033 header_text_align=\u201dcenter\u201d header_font_size=\u201d18px\u201d header_line_height=\u201d0em\u201d animation=\u201doff\u201d link_option_url=\u201dhttps:\/\/amacreama.com\/postcards\/\u201d hover_enabled=\u201d0\u2033 global_colors_info=\u201d{}\u201d title_text=\u201dDSC_9347-WEB\u201d sticky_enabled=\u201d0\u2033]<\/p>\n<p style=\"text-align: center;\"><strong>Postcards<\/strong><\/p>\n<p>[\/et_pb_blurb][\/et_pb_column][\/et_pb_row][et_pb_row column_structure=\u201d1_3,1_3,1_3\u2033 disabled_on=\u201doff|off|off\u201d _builder_version=\u201d4.14.1\u2033 _module_preset=\u201ddefault\u201d global_colors_info=\u201d{}\u201d][et_pb_column type=\u201d1_3\u2033 _builder_version=\u201d4.13.1\u2033 _module_preset=\u201ddefault\u201d global_colors_info=\u201d{}\u201d][et_pb_blurb url=\u201dhttps:\/\/amacreama.com\/stickers\/\u201d image=\u201dhttps:\/\/amacreama.com\/wp-content\/uploads\/2021\/08\/DSC_2711.jpg\u201d _builder_version=\u201d4.14.1\u2033 _module_preset=\u201ddefault\u201d header_level=\u201dh2\u2033 header_text_align=\u201dcenter\u201d header_font_size=\u201d18px\u201d header_line_height=\u201d0em\u201d animation=\u201doff\u201d hover_transition_duration=\u201d0ms\u201d link_option_url=\u201dhttps:\/\/amacreama.com\/stickers\/\u201d global_colors_info=\u201d{}\u201d]<\/p>\n<p style=\"text-align: center;\"><strong>Stickers<\/strong><\/p>\n<p>[\/et_pb_blurb][\/et_pb_column][et_pb_column type=\u201d1_3\u2033 _builder_version=\u201d4.13.1\u2033 _module_preset=\u201ddefault\u201d global_colors_info=\u201d{}\u201d][et_pb_blurb url=\u201dhttps:\/\/amacreama.com\/notebooks\/\u201d image=\u201dhttps:\/\/amacreama.com\/wp-content\/uploads\/2023\/09\/libreta-pez-escalar.jpg\u201d _builder_version=\u201d4.14.1\u2033 _module_preset=\u201ddefault\u201d header_level=\u201dh2\u2033 header_text_align=\u201dcenter\u201d header_font_size=\u201d18px\u201d header_line_height=\u201d0em\u201d animation=\u201doff\u201d link_option_url=\u201dhttps:\/\/amacreama.com\/notebooks\/\u201d hover_enabled=\u201d0\u2033 global_colors_info=\u201d{}\u201d alt=\u201dbook with original illustration bound in mano\u201d title_text=\u201dbook pieces scales\u201d sticky_enabled=\u201d0\u2033]<\/p>\n<p style=\"text-align: center;\"><strong>Notebooks<\/strong><\/p>\n<p>[\/et_pb_blurb][\/et_pb_column][et_pb_column type=\u201d1_3\u2033 _builder_version=\u201d4.13.1\u2033 _module_preset=\u201ddefault\u201d global_colors_info=\u201d{}\u201d][et_pb_blurb url=\u201dhttps:\/\/amacreama.com\/segells\/\u201d image=\u201dhttps:\/\/amacreama.com\/wp-content\/uploads\/2021\/01\/ombra-5-1.jpg\u201d _builder_version=\u201d4.14.1\u2033 _module_preset=\u201ddefault\u201d header_level=\u201dh2\u2033 header_text_align=\u201dcenter\u201d header_font_size=\u201d18px\u201d header_line_height=\u201d0em\u201d animation=\u201doff\u201d link_option_url=\u201dhttps:\/\/amacreama.com\/segells\/\u201d global_colors_info=\u201d{}\u201d]<\/p>\n<p style=\"text-align: center;\"><strong>Stamps<\/strong><\/p>\n<p>[\/et_pb_blurb][\/et_pb_column][\/et_pb_row][\/et_pb_section][et_pb_section fb_built=\u201d1\u2033 disabled_on=\u201don|off|off\u201d _builder_version=\u201d4.14.1\u2033 _module_preset=\u201ddefault\u201d collapsed=\u201don\u201d global_colors_info=\u201d{}\u201d][et_pb_row disabled_on=\u201doff|off|off\u201d _builder_version=\u201d4.14.1\u2033 _module_preset=\u201ddefault\u201d global_colors_info=\u201d{}\u201d][et_pb_column type=\u201d4_4\u2033 _builder_version=\u201d4.13.1\u2033 _module_preset=\u201ddefault\u201d global_colors_info=\u201d{}\u201d][et_pb_text disabled_on=\u201don|off|off\u201d _builder_version=\u201d4.14.1\u2033 _module_preset=\u201ddefault\u201d global_colors_info=\u201d{}\u201d]<\/p>\n<p style=\"font-size: 18px; text-align: center;\"><strong>Welcome to amacreama: Where Art and Creativity Meet<\/strong><\/p>\n<p style=\"font-size: 16px; text-align: center;\">\u00a0At amacreama, the authenticity of handmade art is valued above all else. Our online store is a unique destination where creativity comes to life through various forms of artistic expression.<\/p>\n<p style=\"font-size: 16px; text-align: center;\">Explore our carefully selected categories to offer you a unique artistic experience. From plates and engravings to postcards, stamps and notebooks.<\/p>\n<p style=\"text-align: center; font-size: 16px;\">Discover how you can bring the charm of art into your everyday life.<\/p>\n<p>[\/et_pb_text][\/et_pb_column][\/et_pb_row][\/et_pb_section][et_pb_section fb_built=\u201d1\u2033 _builder_version=\u201d4.14.1\u2033 _module_preset=\u201ddefault\u201d global_colors_info=\u201d{}\u201d][et_pb_row _builder_version=\u201d4.14.1\u2033 _module_preset=\u201ddefault\u201d global_colors_info=\u201d{}\u201d][et_pb_column type=\u201d4_4\u2033 _builder_version=\u201d4.14.1\u2033 _module_preset=\u201ddefault\u201d global_colors_info=\u201d{}\u201d][et_pb_divider divider_weight=\u201d4px\u201d _builder_version=\u201d4.14.1\u2033 _module_preset=\u201ddefault\u201d global_colors_info=\u201d{}\u201d][\/et_pb_divider][et_pb_text _builder_version=\u201d4.14.1\u2033 _module_preset=\u201ddefault\u201d global_colors_info=\u201d{}\u201d]<\/p>\n<h1 style=\"text-align: justify;\"><span style=\"font-weight: 400;\">Sheets and illustrations shop: The art of Ama Creama<\/span><\/h1>\n<p style=\"text-align: justify;\"><span style=\"font-weight: 400;\">In our shop of prints and illustrations, art becomes accessible and close. As an artist, I strive to create unique, handmade pieces that convey emotion and style. The sheets and stickers you&#039;ll find here reflect my passion for detail and my commitment to every stroke.<\/span><\/p>\n<h2 style=\"text-align: justify;\"><span style=\"font-weight: 400;\">Why choose our shop of plates and illustrations?<\/span><\/h2>\n<p style=\"text-align: justify;\"><span style=\"font-weight: 400;\">Choosing the shop for plates and illustrations is not just acquiring a work, it is connecting with the creative process. Every piece you&#039;ll find here, whether it&#039;s a sheet or a sticker, has been carefully designed and produced by me, Ama Creama, ensuring that the art arrives in your home with the same affection with which it was created. Being an online art store, you can enjoy this process from the comfort of your home, exploring unique collections.<\/span><\/p>\n<h2 style=\"text-align: justify;\"><span style=\"font-weight: 400;\">Online Art Shop: Bring original art to your space<\/span><\/h2>\n<p style=\"text-align: justify;\"><span style=\"font-weight: 400;\">Our online art store allows you to discover plates and illustrations in a practical way, without losing the essence of handmade art. Here you will find decorative sheets, notebooks and also stickers, etc.<\/span><\/p>\n<p style=\"text-align: justify;\"><span style=\"font-weight: 400;\">In every creation you can feel my passion for art, and my goal is for that same energy to reach you when you receive each piece. Through our platform, you can explore various collections, compare them and choose the work that best suits your personal style.<\/span><\/p>\n<h2 style=\"text-align: justify;\"><span style=\"font-weight: 400;\">The sheets of Ama Creama: Art for all spaces<\/span><\/h2>\n<p style=\"text-align: justify;\"><span style=\"font-weight: 400;\">The heart of our shop is the illustration sheets. These pieces have been created with the intention of filling your spaces with life and color. As an artist, I am inspired by nature and emotions to bring to life sheets that not only decorate, but tell a story.<\/span><\/p>\n<p style=\"text-align: justify;\"><span style=\"font-weight: 400;\">Ama Creama sheets are available in different sizes and finishes, allowing you to customize your experience. Whether you&#039;re looking for a subtle touch for a small room or a centerpiece for your living room, there&#039;s a sheet for you.<\/span><\/p>\n<h2 style=\"text-align: justify;\"><span style=\"font-weight: 400;\">Sticker shop: Small works of art for your everyday life<\/span><\/h2>\n<p style=\"text-align: justify;\"><span style=\"font-weight: 400;\">In addition to sheets, in our sticker shop, you can find small details that add a unique touch to your everyday life. Ama Creama&#039;s stickers are an extension of my art, with original designs that you can use to personalize your most loved objects: your laptop, notebooks or even as a special detail in a gift.<\/span><\/p>\n<p style=\"text-align: justify;\"><span style=\"font-weight: 400;\">The decals are designed with the same level of detail and care that I put into my sheets. Here you can find custom sticker sets that complement my art, perfect for adding a fun and artistic touch to any surface. Each design is unique and reflects my style, offering an accessible artistic experience for everyone.<\/span><\/p>\n<h2 style=\"text-align: justify;\"><span style=\"font-weight: 400;\">Ama Creama art shop<\/span><\/h2>\n<p style=\"text-align: justify;\"><span style=\"font-weight: 400;\">By choosing the sheet and illustration shop, you are not just purchasing a sheet or sticker, but a piece of my artistic world. As an artist, my goal is to create something that connects with you and beautifies your everyday life. Whether you are looking for a sheet to decorate your home or a sticker to give a creative touch to your personal items, you will find something special in our store.<\/span><\/p>\n<p style=\"text-align: justify;\"><span style=\"font-weight: 400;\">I invite you to explore all the collections of the online art store and discover the magic of handmade art. Here, each piece is designed to convey emotions and make art a part of your everyday life.<\/span><\/p>\n<p>[\/et_pb_text][\/et_pb_column][\/et_pb_row][\/et_pb_section][et_pb_section fb_built=\u201d1\u2033 fullwidth=\u201don\u201d _builder_version=\u201d4.14.1\u2033 _module_preset=\u201ddefault\u201d global_colors_info=\u201d{}\u201d][\/et_pb_section][et_pb_section fb_built=\u201d1\u2033 _builder_version=\u201d4.14.1\u2033 _module_preset=\u201ddefault\u201d background_color=\u201d#76A79E\u201d custom_padding=\u201d0px||0px|||\u201d global_colors_info=\u201d{}\u201d][\/et_pb_section]<\/p>","protected":false},"excerpt":{"rendered":"<p>PrintsEngravingsPostcardsStickersBookletsStampsWelcome to amacreama: Where Art and Creativity Meet At amacreama, the authenticity of handmade art is valued above all else. Our online store is a unique destination where creativity comes to life through various forms of artistic expression. Explore our carefully selected categories to offer you an experience [\u2026]<\/p>","protected":false},"author":2,"featured_media":0,"parent":0,"menu_order":0,"comment_status":"closed","ping_status":"closed","template":"","meta":{"_et_pb_use_builder":"on","_et_pb_old_content":"","_et_gb_content_width":"","footnotes":""},"class_list":["post-256","page","type-page","status-publish","hentry"],"yoast_head":"<!-- This site is optimized with the Yoast SEO plugin v27.6 - https:\/\/yoast.com\/product\/yoast-seo-wordpress\/ -->\n<title>Botiga d&#039;Art en L\u00ednia: L\u00e0mines, Il\u00b7lustracions i Adhesius Exclusius<\/title>\n<meta name=\"description\" content=\"Compra l\u00e0mines, il\u00b7lustracions i adhesius a la nostra botiga d&#039;art en l\u00ednia. Art \u00fanic fet a m\u00e0 per decorar el teu espai.\" \/>\n<meta name=\"robots\" content=\"index, follow, max-snippet:-1, max-image-preview:large, max-video-preview:-1\" \/>\n<link rel=\"canonical\" href=\"https:\/\/amacreama.com\/en\/store\/\" \/>\n<meta property=\"og:locale\" content=\"en_GB\" \/>\n<meta property=\"og:type\" content=\"article\" \/>\n<meta property=\"og:title\" content=\"Botiga d&#039;Art en L\u00ednia: L\u00e0mines, Il\u00b7lustracions i Adhesius Exclusius\" \/>\n<meta property=\"og:description\" content=\"Compra l\u00e0mines, il\u00b7lustracions i adhesius a la nostra botiga d&#039;art en l\u00ednia. Art \u00fanic fet a m\u00e0 per decorar el teu espai.\" \/>\n<meta property=\"og:url\" content=\"https:\/\/amacreama.com\/en\/store\/\" \/>\n<meta property=\"og:site_name\" content=\"Amacreama\" \/>\n<meta property=\"article:modified_time\" content=\"2025-03-28T12:28:22+00:00\" \/>\n<meta name=\"twitter:card\" content=\"summary_large_image\" \/>\n<meta name=\"twitter:label1\" content=\"Estimated reading time\" \/>\n\t<meta name=\"twitter:data1\" content=\"4 minutes\" \/>\n<script type=\"application\/ld+json\" class=\"yoast-schema-graph\">{\"@context\":\"https:\\\/\\\/schema.org\",\"@graph\":[{\"@type\":\"WebPage\",\"@id\":\"https:\\\/\\\/amacreama.com\\\/botiga\\\/\",\"url\":\"https:\\\/\\\/amacreama.com\\\/botiga\\\/\",\"name\":\"Botiga d'Art en L\u00ednia: L\u00e0mines, Il\u00b7lustracions i Adhesius Exclusius\",\"isPartOf\":{\"@id\":\"https:\\\/\\\/amacreama.com\\\/en\\\/#website\"},\"datePublished\":\"2020-04-13T15:02:08+00:00\",\"dateModified\":\"2025-03-28T12:28:22+00:00\",\"description\":\"Compra l\u00e0mines, il\u00b7lustracions i adhesius a la nostra botiga d'art en l\u00ednia. Art \u00fanic fet a m\u00e0 per decorar el teu espai.\",\"breadcrumb\":{\"@id\":\"https:\\\/\\\/amacreama.com\\\/botiga\\\/#breadcrumb\"},\"inLanguage\":\"en-GB\",\"potentialAction\":[{\"@type\":\"ReadAction\",\"target\":[\"https:\\\/\\\/amacreama.com\\\/botiga\\\/\"]}]},{\"@type\":\"BreadcrumbList\",\"@id\":\"https:\\\/\\\/amacreama.com\\\/botiga\\\/#breadcrumb\",\"itemListElement\":[{\"@type\":\"ListItem\",\"position\":1,\"name\":\"Home\",\"item\":\"https:\\\/\\\/amacreama.com\\\/\"},{\"@type\":\"ListItem\",\"position\":2,\"name\":\"Botiga\"}]},{\"@type\":\"WebSite\",\"@id\":\"https:\\\/\\\/amacreama.com\\\/en\\\/#website\",\"url\":\"https:\\\/\\\/amacreama.com\\\/en\\\/\",\"name\":\"Amacreama\",\"description\":\"amacreama\",\"publisher\":{\"@id\":\"https:\\\/\\\/amacreama.com\\\/en\\\/#organization\"},\"potentialAction\":[{\"@type\":\"SearchAction\",\"target\":{\"@type\":\"EntryPoint\",\"urlTemplate\":\"https:\\\/\\\/amacreama.com\\\/en\\\/?s={search_term_string}\"},\"query-input\":{\"@type\":\"PropertyValueSpecification\",\"valueRequired\":true,\"valueName\":\"search_term_string\"}}],\"inLanguage\":\"en-GB\"},{\"@type\":\"Organization\",\"@id\":\"https:\\\/\\\/amacreama.com\\\/en\\\/#organization\",\"name\":\"Ama Creama\",\"url\":\"https:\\\/\\\/amacreama.com\\\/en\\\/\",\"logo\":{\"@type\":\"ImageObject\",\"inLanguage\":\"en-GB\",\"@id\":\"https:\\\/\\\/amacreama.com\\\/en\\\/#\\\/schema\\\/logo\\\/image\\\/\",\"url\":\"https:\\\/\\\/amacreama.com\\\/wp-content\\\/uploads\\\/2020\\\/04\\\/logoop.jpg\",\"contentUrl\":\"https:\\\/\\\/amacreama.com\\\/wp-content\\\/uploads\\\/2020\\\/04\\\/logoop.jpg\",\"width\":459,\"height\":230,\"caption\":\"Ama Creama\"},\"image\":{\"@id\":\"https:\\\/\\\/amacreama.com\\\/en\\\/#\\\/schema\\\/logo\\\/image\\\/\"}}]}<\/script>\n<!-- \/ Yoast SEO plugin. -->","yoast_head_json":{"title":"Botiga d'Art en L\u00ednia: L\u00e0mines, Il\u00b7lustracions i Adhesius Exclusius","description":"Compra l\u00e0mines, il\u00b7lustracions i adhesius a la nostra botiga d'art en l\u00ednia. Art \u00fanic fet a m\u00e0 per decorar el teu espai.","robots":{"index":"index","follow":"follow","max-snippet":"max-snippet:-1","max-image-preview":"max-image-preview:large","max-video-preview":"max-video-preview:-1"},"canonical":"https:\/\/amacreama.com\/en\/store\/","og_locale":"en_GB","og_type":"article","og_title":"Botiga d'Art en L\u00ednia: L\u00e0mines, Il\u00b7lustracions i Adhesius Exclusius","og_description":"Compra l\u00e0mines, il\u00b7lustracions i adhesius a la nostra botiga d'art en l\u00ednia. Art \u00fanic fet a m\u00e0 per decorar el teu espai.","og_url":"https:\/\/amacreama.com\/en\/store\/","og_site_name":"Amacreama","article_modified_time":"2025-03-28T12:28:22+00:00","twitter_card":"summary_large_image","twitter_misc":{"Estimated reading time":"4 minutes"},"schema":{"@context":"https:\/\/schema.org","@graph":[{"@type":"WebPage","@id":"https:\/\/amacreama.com\/botiga\/","url":"https:\/\/amacreama.com\/botiga\/","name":"Botiga d'Art en L\u00ednia: L\u00e0mines, Il\u00b7lustracions i Adhesius Exclusius","isPartOf":{"@id":"https:\/\/amacreama.com\/en\/#website"},"datePublished":"2020-04-13T15:02:08+00:00","dateModified":"2025-03-28T12:28:22+00:00","description":"Compra l\u00e0mines, il\u00b7lustracions i adhesius a la nostra botiga d'art en l\u00ednia. Art \u00fanic fet a m\u00e0 per decorar el teu espai.","breadcrumb":{"@id":"https:\/\/amacreama.com\/botiga\/#breadcrumb"},"inLanguage":"en-GB","potentialAction":[{"@type":"ReadAction","target":["https:\/\/amacreama.com\/botiga\/"]}]},{"@type":"BreadcrumbList","@id":"https:\/\/amacreama.com\/botiga\/#breadcrumb","itemListElement":[{"@type":"ListItem","position":1,"name":"Home","item":"https:\/\/amacreama.com\/"},{"@type":"ListItem","position":2,"name":"Botiga"}]},{"@type":"WebSite","@id":"https:\/\/amacreama.com\/en\/#website","url":"https:\/\/amacreama.com\/en\/","name":"Amacreama","description":"amacreama","publisher":{"@id":"https:\/\/amacreama.com\/en\/#organization"},"potentialAction":[{"@type":"SearchAction","target":{"@type":"EntryPoint","urlTemplate":"https:\/\/amacreama.com\/en\/?s={search_term_string}"},"query-input":{"@type":"PropertyValueSpecification","valueRequired":true,"valueName":"search_term_string"}}],"inLanguage":"en-GB"},{"@type":"Organization","@id":"https:\/\/amacreama.com\/en\/#organization","name":"Ama Creama","url":"https:\/\/amacreama.com\/en\/","logo":{"@type":"ImageObject","inLanguage":"en-GB","@id":"https:\/\/amacreama.com\/en\/#\/schema\/logo\/image\/","url":"https:\/\/amacreama.com\/wp-content\/uploads\/2020\/04\/logoop.jpg","contentUrl":"https:\/\/amacreama.com\/wp-content\/uploads\/2020\/04\/logoop.jpg","width":459,"height":230,"caption":"Ama Creama"},"image":{"@id":"https:\/\/amacreama.com\/en\/#\/schema\/logo\/image\/"}}]}},"jetpack_sharing_enabled":true,"_links":{"self":[{"href":"https:\/\/amacreama.com\/en\/wp-json\/wp\/v2\/pages\/256","targetHints":{"allow":["GET"]}}],"collection":[{"href":"https:\/\/amacreama.com\/en\/wp-json\/wp\/v2\/pages"}],"about":[{"href":"https:\/\/amacreama.com\/en\/wp-json\/wp\/v2\/types\/page"}],"author":[{"embeddable":true,"href":"https:\/\/amacreama.com\/en\/wp-json\/wp\/v2\/users\/2"}],"replies":[{"embeddable":true,"href":"https:\/\/amacreama.com\/en\/wp-json\/wp\/v2\/comments?post=256"}],"version-history":[{"count":1,"href":"https:\/\/amacreama.com\/en\/wp-json\/wp\/v2\/pages\/256\/revisions"}],"predecessor-version":[{"id":3178,"href":"https:\/\/amacreama.com\/en\/wp-json\/wp\/v2\/pages\/256\/revisions\/3178"}],"wp:attachment":[{"href":"https:\/\/amacreama.com\/en\/wp-json\/wp\/v2\/media?parent=256"}],"curies":[{"name":"wp","href":"https:\/\/api.w.org\/{rel}","templated":true}]}}