{"id":1978,"date":"2021-12-23T11:31:07","date_gmt":"2021-12-23T11:31:07","guid":{"rendered":"https:\/\/amacreama.com\/?page_id=1978"},"modified":"2021-12-23T12:02:44","modified_gmt":"2021-12-23T12:02:44","slug":"tipografia","status":"publish","type":"page","link":"https:\/\/amacreama.com\/en\/typography\/","title":{"rendered":"typography"},"content":{"rendered":"<p>[et_pb_section fb_built=\u201d1\u2033 _builder_version=\u201d4.4.3\u2033 custom_padding=\u201d41px||||\u201d global_colors_info=\u201d{}\u201d][et_pb_row _builder_version=\u201d4.4.3\u2033 global_colors_info=\u201d{}\u201d][et_pb_column type=\u201d4_4\u2033 _builder_version=\u201d4.4.3\u2033 global_colors_info=\u201d{}\u201d][et_pb_text _builder_version=\u201d4.14.1\u2033 text_font=\u201d|800||||||| text_text_color=\u201d#818386\u2033 text_font_size=\u201d18px\u201d custom_margin=\u201d||22px|||\u201d hover_enabled=\u201d0\u2033 global_colors_info=\u201d{}\u201d sticky_enabled=\u201d0\u2033]<\/p>\n<p style=\"text-align: left;\">TYPOGRAPHY<\/p>\n<p>[\/et_pb_text][et_pb_text _builder_version=\u201d4.14.1\u2033 text_text_color=\u201d#000000\u2033 text_font_size=\u201d17px\u201d custom_margin=\u201d||52px|||\u201d custom_padding=\u201d||9px|||\u201d hover_enabled=\u201d0\u2033 global_colors_info=\u201d{}\u201d sticky_enabled=\u201d0\u2033]<\/p>\n<p><span>Typography is the art of writing using type in order to create printed works. <\/span><\/p>\n<p><span><\/span><\/p>\n<p>&nbsp;<\/p>\n<p>[\/et_pb_text][et_pb_shop type=\u201dproduct_category\u201d include_categories=\u201d207\u2033 icon_hover_color=\u201d#e0e1e3\u2033 _builder_version=\u201d4.14.1\u2033 title_font=\u201dABeeZee||||||||\u201d title_text_color=\u201d#000000\u2033 title_font_size=\u201d15px\u201d price_font=\u201dABeeZee|700|||||||\u201d price_text_color=\u201d#76a79e\u201d price_font_size=\u201d13px\u201d price_line_height=\u201d13px\u201d text_orientation=\u201dcenter\u201d hover_enabled=\u201d0\u2033 border_width_all_image=\u201d1px\u201d border_color_all_image=\u201d#e0e1e3\u2033 global_colors_info=\u201d{}\u201d sticky_enabled=\u201d0\u2033][\/et_pb_shop][\/et_pb_column][\/et_pb_row][\/et_pb_section]<\/p>","protected":false},"excerpt":{"rendered":"<p>TYPOGRAPHYTypography is the art of writing using typefaces to create printed works. &nbsp;<\/p>","protected":false},"author":3,"featured_media":0,"parent":0,"menu_order":0,"comment_status":"closed","ping_status":"closed","template":"","meta":{"_et_pb_use_builder":"on","_et_pb_old_content":"<!-- wp:divi\/placeholder \/-->","_et_gb_content_width":"","footnotes":""},"class_list":["post-1978","page","type-page","status-publish","hentry"],"yoast_head":"<!-- This site is optimized with the Yoast SEO plugin v27.5 - https:\/\/yoast.com\/product\/yoast-seo-wordpress\/ -->\n<title>Tipografia | Amacreama<\/title>\n<meta name=\"robots\" content=\"index, follow, max-snippet:-1, max-image-preview:large, max-video-preview:-1\" \/>\n<link rel=\"canonical\" href=\"https:\/\/amacreama.com\/en\/typography\/\" \/>\n<meta property=\"og:locale\" content=\"en_GB\" \/>\n<meta property=\"og:type\" content=\"article\" \/>\n<meta property=\"og:title\" content=\"Tipografia | Amacreama\" \/>\n<meta property=\"og:description\" content=\"TIPOGRAFIALa tipografia \u00e9s l&#039;art d&#039;escriure mitjan\u00e7ant tipus tipogr\u00e0fics per tal de crear treballs d&#039;impressi\u00f3. &nbsp;\" \/>\n<meta property=\"og:url\" content=\"https:\/\/amacreama.com\/en\/typography\/\" \/>\n<meta property=\"og:site_name\" content=\"Amacreama\" \/>\n<meta property=\"article:modified_time\" content=\"2021-12-23T12:02:44+00:00\" \/>\n<meta name=\"twitter:card\" content=\"summary_large_image\" \/>\n<meta name=\"twitter:label1\" content=\"Estimated reading time\" \/>\n\t<meta name=\"twitter:data1\" content=\"1 minute\" \/>\n<script type=\"application\/ld+json\" class=\"yoast-schema-graph\">{\"@context\":\"https:\\\/\\\/schema.org\",\"@graph\":[{\"@type\":\"WebPage\",\"@id\":\"https:\\\/\\\/amacreama.com\\\/tipografia\\\/\",\"url\":\"https:\\\/\\\/amacreama.com\\\/tipografia\\\/\",\"name\":\"Tipografia | Amacreama\",\"isPartOf\":{\"@id\":\"https:\\\/\\\/amacreama.com\\\/en\\\/#website\"},\"datePublished\":\"2021-12-23T11:31:07+00:00\",\"dateModified\":\"2021-12-23T12:02:44+00:00\",\"breadcrumb\":{\"@id\":\"https:\\\/\\\/amacreama.com\\\/tipografia\\\/#breadcrumb\"},\"inLanguage\":\"en-GB\",\"potentialAction\":[{\"@type\":\"ReadAction\",\"target\":[\"https:\\\/\\\/amacreama.com\\\/tipografia\\\/\"]}]},{\"@type\":\"BreadcrumbList\",\"@id\":\"https:\\\/\\\/amacreama.com\\\/tipografia\\\/#breadcrumb\",\"itemListElement\":[{\"@type\":\"ListItem\",\"position\":1,\"name\":\"Home\",\"item\":\"https:\\\/\\\/amacreama.com\\\/\"},{\"@type\":\"ListItem\",\"position\":2,\"name\":\"Tipografia\"}]},{\"@type\":\"WebSite\",\"@id\":\"https:\\\/\\\/amacreama.com\\\/en\\\/#website\",\"url\":\"https:\\\/\\\/amacreama.com\\\/en\\\/\",\"name\":\"Amacreama\",\"description\":\"amacreama\",\"publisher\":{\"@id\":\"https:\\\/\\\/amacreama.com\\\/en\\\/#organization\"},\"potentialAction\":[{\"@type\":\"SearchAction\",\"target\":{\"@type\":\"EntryPoint\",\"urlTemplate\":\"https:\\\/\\\/amacreama.com\\\/en\\\/?s={search_term_string}\"},\"query-input\":{\"@type\":\"PropertyValueSpecification\",\"valueRequired\":true,\"valueName\":\"search_term_string\"}}],\"inLanguage\":\"en-GB\"},{\"@type\":\"Organization\",\"@id\":\"https:\\\/\\\/amacreama.com\\\/en\\\/#organization\",\"name\":\"Ama Creama\",\"url\":\"https:\\\/\\\/amacreama.com\\\/en\\\/\",\"logo\":{\"@type\":\"ImageObject\",\"inLanguage\":\"en-GB\",\"@id\":\"https:\\\/\\\/amacreama.com\\\/en\\\/#\\\/schema\\\/logo\\\/image\\\/\",\"url\":\"https:\\\/\\\/amacreama.com\\\/wp-content\\\/uploads\\\/2020\\\/04\\\/logoop.jpg\",\"contentUrl\":\"https:\\\/\\\/amacreama.com\\\/wp-content\\\/uploads\\\/2020\\\/04\\\/logoop.jpg\",\"width\":459,\"height\":230,\"caption\":\"Ama Creama\"},\"image\":{\"@id\":\"https:\\\/\\\/amacreama.com\\\/en\\\/#\\\/schema\\\/logo\\\/image\\\/\"}}]}<\/script>\n<!-- \/ Yoast SEO plugin. -->","yoast_head_json":{"title":"Tipografia | Amacreama","robots":{"index":"index","follow":"follow","max-snippet":"max-snippet:-1","max-image-preview":"max-image-preview:large","max-video-preview":"max-video-preview:-1"},"canonical":"https:\/\/amacreama.com\/en\/typography\/","og_locale":"en_GB","og_type":"article","og_title":"Tipografia | Amacreama","og_description":"TIPOGRAFIALa tipografia \u00e9s l'art d'escriure mitjan\u00e7ant tipus tipogr\u00e0fics per tal de crear treballs d'impressi\u00f3. &nbsp;","og_url":"https:\/\/amacreama.com\/en\/typography\/","og_site_name":"Amacreama","article_modified_time":"2021-12-23T12:02:44+00:00","twitter_card":"summary_large_image","twitter_misc":{"Estimated reading time":"1 minute"},"schema":{"@context":"https:\/\/schema.org","@graph":[{"@type":"WebPage","@id":"https:\/\/amacreama.com\/tipografia\/","url":"https:\/\/amacreama.com\/tipografia\/","name":"Tipografia | Amacreama","isPartOf":{"@id":"https:\/\/amacreama.com\/en\/#website"},"datePublished":"2021-12-23T11:31:07+00:00","dateModified":"2021-12-23T12:02:44+00:00","breadcrumb":{"@id":"https:\/\/amacreama.com\/tipografia\/#breadcrumb"},"inLanguage":"en-GB","potentialAction":[{"@type":"ReadAction","target":["https:\/\/amacreama.com\/tipografia\/"]}]},{"@type":"BreadcrumbList","@id":"https:\/\/amacreama.com\/tipografia\/#breadcrumb","itemListElement":[{"@type":"ListItem","position":1,"name":"Home","item":"https:\/\/amacreama.com\/"},{"@type":"ListItem","position":2,"name":"Tipografia"}]},{"@type":"WebSite","@id":"https:\/\/amacreama.com\/en\/#website","url":"https:\/\/amacreama.com\/en\/","name":"Amacreama","description":"amacreama","publisher":{"@id":"https:\/\/amacreama.com\/en\/#organization"},"potentialAction":[{"@type":"SearchAction","target":{"@type":"EntryPoint","urlTemplate":"https:\/\/amacreama.com\/en\/?s={search_term_string}"},"query-input":{"@type":"PropertyValueSpecification","valueRequired":true,"valueName":"search_term_string"}}],"inLanguage":"en-GB"},{"@type":"Organization","@id":"https:\/\/amacreama.com\/en\/#organization","name":"Ama Creama","url":"https:\/\/amacreama.com\/en\/","logo":{"@type":"ImageObject","inLanguage":"en-GB","@id":"https:\/\/amacreama.com\/en\/#\/schema\/logo\/image\/","url":"https:\/\/amacreama.com\/wp-content\/uploads\/2020\/04\/logoop.jpg","contentUrl":"https:\/\/amacreama.com\/wp-content\/uploads\/2020\/04\/logoop.jpg","width":459,"height":230,"caption":"Ama Creama"},"image":{"@id":"https:\/\/amacreama.com\/en\/#\/schema\/logo\/image\/"}}]}},"jetpack_sharing_enabled":true,"_links":{"self":[{"href":"https:\/\/amacreama.com\/en\/wp-json\/wp\/v2\/pages\/1978","targetHints":{"allow":["GET"]}}],"collection":[{"href":"https:\/\/amacreama.com\/en\/wp-json\/wp\/v2\/pages"}],"about":[{"href":"https:\/\/amacreama.com\/en\/wp-json\/wp\/v2\/types\/page"}],"author":[{"embeddable":true,"href":"https:\/\/amacreama.com\/en\/wp-json\/wp\/v2\/users\/3"}],"replies":[{"embeddable":true,"href":"https:\/\/amacreama.com\/en\/wp-json\/wp\/v2\/comments?post=1978"}],"version-history":[{"count":0,"href":"https:\/\/amacreama.com\/en\/wp-json\/wp\/v2\/pages\/1978\/revisions"}],"wp:attachment":[{"href":"https:\/\/amacreama.com\/en\/wp-json\/wp\/v2\/media?parent=1978"}],"curies":[{"name":"wp","href":"https:\/\/api.w.org\/{rel}","templated":true}]}}