{"id":1321,"date":"2021-09-24T07:42:10","date_gmt":"2021-09-24T07:42:10","guid":{"rendered":"https:\/\/amacreama.com\/?page_id=1321"},"modified":"2021-11-24T17:37:47","modified_gmt":"2021-11-24T17:37:47","slug":"litografia","status":"publish","type":"page","link":"https:\/\/amacreama.com\/en\/lithography\/","title":{"rendered":"Lithography"},"content":{"rendered":"<p>[et_pb_section fb_built=\u201d1\u2033 _builder_version=\u201d4.4.3\u2033 custom_padding=\u201d41px||||\u201d global_colors_info=\u201d{}\u201d][et_pb_row _builder_version=\u201d4.4.3\u2033 global_colors_info=\u201d{}\u201d][et_pb_column type=\u201d4_4\u2033 _builder_version=\u201d4.4.3\u2033 global_colors_info=\u201d{}\u201d][et_pb_text _builder_version=\u201d4.5.7\u2033 text_font=\u201d|800||||||| text_text_color=\u201d#818386\u2033 text_font_size=\u201d18px\u201d custom_margin=\u201d||22px|||\u201d global_colors_info=\u201d{}\u201d]<\/p>\n<p style=\"text-align: left;\">LITHOGRAPHY<\/p>\n<p>[\/et_pb_text][et_pb_text _builder_version=&#8221;4.13.1&#8243; text_text_color=&#8221;#000000&#8243; text_font_size=&#8221;17px&#8221; custom_margin=&#8221;||52px|||&#8221; custom_padding=&#8221;||9px|||&#8221; hover_enabled=&#8221;0&#8243; global_colors_info=&#8221;{}&#8221; sticky_enabled=&#8221;0&#8243;]<\/p>\n<p style=\"text-align: left;\"><span>Lithography is a printing procedure that consists of<\/span><span>\u00a0trace a drawing, text or transfer a photograph to a limestone or plate <\/span><span>metallic<\/span><span>.<\/span><\/p>\n<p><span>In this technique, the different adhesion between hydrophilic and hydrophobic substances is used. In other words, in the parts where there are greasy inks the water rejects them and therefore they will be the parts where the ink<\/span><span class=\"hiddenGrammarError\">there<\/span><span> it will adhere and the drawing will be stamped.<\/span><\/p>\n<p><span>To carry out a design manually is\u00a0<\/span><span>they use<\/span><span> greasy and resinous inks to trace the drawing that <\/span><span class=\"hiddenGrammarError\">is<\/span><span> <\/span><span>will reproduce<\/span><span>, which is fixed by means of a <\/span><span>solution<\/span><span> of nitric acid and gum arabic.<\/span><\/p>\n<p>[\/et_pb_text][et_pb_shop type=&#8221;product_category&#8221; include_categories=&#8221;170&#8243; icon_hover_color=&#8221;#e0e1e3&#8243; _builder_version=&#8221;4.5.7&#8243; title_font=&#8221;ABeeZee||||||||&#8221; title_text_color=&#8221;#000000&#8243; title_font_size=&#8221;15px&#8221; price_font=&#8221;ABeeZee|700|||||||&#8221; price_text_color=&#8221;#76a79e&#8221; price_font_size=&#8221;13px&#8221; price_line_height=&#8221;13px&#8221; text_orientation=&#8221;center&#8221; border_width_all_image=&#8221;1px&#8221; border_color_all_image=&#8221;#e0e1e3&#8243; global_colors_info=&#8221;{}&#8221;][\/et_pb_shop][\/et_pb_column][\/et_pb_row][\/et_pb_section]<\/p>","protected":false},"excerpt":{"rendered":"<p>LITOGRAFIALa litografia \u00e9s un procediment d&#8217;impressi\u00f3 que consisteix en\u00a0tra\u00e7ar un dibuix, text o traspassar una fotografia a una pedra calc\u00e0ria o una planxa met\u00e0l\u00b7lica. En aquesta t\u00e8cnica s&#8217;utilitza la diferent adher\u00e8ncia entre subst\u00e0ncies hidr\u00f2files i hidr\u00f2fobes. \u00c9s a dir, en les parts on hi ha tintes greixoses l&#8217;aigua les rebutja i per tant seran les [&hellip;]<\/p>","protected":false},"author":3,"featured_media":0,"parent":0,"menu_order":0,"comment_status":"closed","ping_status":"closed","template":"","meta":{"_et_pb_use_builder":"on","_et_pb_old_content":"<!-- wp:divi\/placeholder \/-->","_et_gb_content_width":"","footnotes":""},"class_list":["post-1321","page","type-page","status-publish","hentry"],"yoast_head":"<!-- This site is optimized with the Yoast SEO plugin v27.4 - https:\/\/yoast.com\/product\/yoast-seo-wordpress\/ -->\n<title>Litografia | Amacreama<\/title>\n<meta name=\"robots\" content=\"index, follow, max-snippet:-1, max-image-preview:large, max-video-preview:-1\" \/>\n<link rel=\"canonical\" href=\"https:\/\/amacreama.com\/en\/lithography\/\" \/>\n<meta property=\"og:locale\" content=\"en_GB\" \/>\n<meta property=\"og:type\" content=\"article\" \/>\n<meta property=\"og:title\" content=\"Litografia | Amacreama\" \/>\n<meta property=\"og:description\" content=\"LITOGRAFIALa litografia \u00e9s un procediment d&#039;impressi\u00f3 que consisteix en\u00a0tra\u00e7ar un dibuix, text o traspassar una fotografia a una pedra calc\u00e0ria o una planxa met\u00e0l\u00b7lica. En aquesta t\u00e8cnica s&#039;utilitza la diferent adher\u00e8ncia entre subst\u00e0ncies hidr\u00f2files i hidr\u00f2fobes. \u00c9s a dir, en les parts on hi ha tintes greixoses l&#039;aigua les rebutja i per tant seran les [&hellip;]\" \/>\n<meta property=\"og:url\" content=\"https:\/\/amacreama.com\/en\/lithography\/\" \/>\n<meta property=\"og:site_name\" content=\"Amacreama\" \/>\n<meta property=\"article:modified_time\" content=\"2021-11-24T17:37:47+00:00\" \/>\n<meta name=\"twitter:card\" content=\"summary_large_image\" \/>\n<meta name=\"twitter:label1\" content=\"Estimated reading time\" \/>\n\t<meta name=\"twitter:data1\" content=\"1 minute\" \/>\n<script type=\"application\/ld+json\" class=\"yoast-schema-graph\">{\"@context\":\"https:\\\/\\\/schema.org\",\"@graph\":[{\"@type\":\"WebPage\",\"@id\":\"https:\\\/\\\/amacreama.com\\\/litografia\\\/\",\"url\":\"https:\\\/\\\/amacreama.com\\\/litografia\\\/\",\"name\":\"Litografia | Amacreama\",\"isPartOf\":{\"@id\":\"https:\\\/\\\/amacreama.com\\\/en\\\/#website\"},\"datePublished\":\"2021-09-24T07:42:10+00:00\",\"dateModified\":\"2021-11-24T17:37:47+00:00\",\"breadcrumb\":{\"@id\":\"https:\\\/\\\/amacreama.com\\\/litografia\\\/#breadcrumb\"},\"inLanguage\":\"en-GB\",\"potentialAction\":[{\"@type\":\"ReadAction\",\"target\":[\"https:\\\/\\\/amacreama.com\\\/litografia\\\/\"]}]},{\"@type\":\"BreadcrumbList\",\"@id\":\"https:\\\/\\\/amacreama.com\\\/litografia\\\/#breadcrumb\",\"itemListElement\":[{\"@type\":\"ListItem\",\"position\":1,\"name\":\"Home\",\"item\":\"https:\\\/\\\/amacreama.com\\\/\"},{\"@type\":\"ListItem\",\"position\":2,\"name\":\"Litografia\"}]},{\"@type\":\"WebSite\",\"@id\":\"https:\\\/\\\/amacreama.com\\\/en\\\/#website\",\"url\":\"https:\\\/\\\/amacreama.com\\\/en\\\/\",\"name\":\"Amacreama\",\"description\":\"amacreama\",\"publisher\":{\"@id\":\"https:\\\/\\\/amacreama.com\\\/en\\\/#organization\"},\"potentialAction\":[{\"@type\":\"SearchAction\",\"target\":{\"@type\":\"EntryPoint\",\"urlTemplate\":\"https:\\\/\\\/amacreama.com\\\/en\\\/?s={search_term_string}\"},\"query-input\":{\"@type\":\"PropertyValueSpecification\",\"valueRequired\":true,\"valueName\":\"search_term_string\"}}],\"inLanguage\":\"en-GB\"},{\"@type\":\"Organization\",\"@id\":\"https:\\\/\\\/amacreama.com\\\/en\\\/#organization\",\"name\":\"Ama Creama\",\"url\":\"https:\\\/\\\/amacreama.com\\\/en\\\/\",\"logo\":{\"@type\":\"ImageObject\",\"inLanguage\":\"en-GB\",\"@id\":\"https:\\\/\\\/amacreama.com\\\/en\\\/#\\\/schema\\\/logo\\\/image\\\/\",\"url\":\"https:\\\/\\\/amacreama.com\\\/wp-content\\\/uploads\\\/2020\\\/04\\\/logoop.jpg\",\"contentUrl\":\"https:\\\/\\\/amacreama.com\\\/wp-content\\\/uploads\\\/2020\\\/04\\\/logoop.jpg\",\"width\":459,\"height\":230,\"caption\":\"Ama Creama\"},\"image\":{\"@id\":\"https:\\\/\\\/amacreama.com\\\/en\\\/#\\\/schema\\\/logo\\\/image\\\/\"}}]}<\/script>\n<!-- \/ Yoast SEO plugin. -->","yoast_head_json":{"title":"Litografia | Amacreama","robots":{"index":"index","follow":"follow","max-snippet":"max-snippet:-1","max-image-preview":"max-image-preview:large","max-video-preview":"max-video-preview:-1"},"canonical":"https:\/\/amacreama.com\/en\/lithography\/","og_locale":"en_GB","og_type":"article","og_title":"Litografia | Amacreama","og_description":"LITOGRAFIALa litografia \u00e9s un procediment d'impressi\u00f3 que consisteix en\u00a0tra\u00e7ar un dibuix, text o traspassar una fotografia a una pedra calc\u00e0ria o una planxa met\u00e0l\u00b7lica. En aquesta t\u00e8cnica s'utilitza la diferent adher\u00e8ncia entre subst\u00e0ncies hidr\u00f2files i hidr\u00f2fobes. \u00c9s a dir, en les parts on hi ha tintes greixoses l'aigua les rebutja i per tant seran les [&hellip;]","og_url":"https:\/\/amacreama.com\/en\/lithography\/","og_site_name":"Amacreama","article_modified_time":"2021-11-24T17:37:47+00:00","twitter_card":"summary_large_image","twitter_misc":{"Estimated reading time":"1 minute"},"schema":{"@context":"https:\/\/schema.org","@graph":[{"@type":"WebPage","@id":"https:\/\/amacreama.com\/litografia\/","url":"https:\/\/amacreama.com\/litografia\/","name":"Litografia | Amacreama","isPartOf":{"@id":"https:\/\/amacreama.com\/en\/#website"},"datePublished":"2021-09-24T07:42:10+00:00","dateModified":"2021-11-24T17:37:47+00:00","breadcrumb":{"@id":"https:\/\/amacreama.com\/litografia\/#breadcrumb"},"inLanguage":"en-GB","potentialAction":[{"@type":"ReadAction","target":["https:\/\/amacreama.com\/litografia\/"]}]},{"@type":"BreadcrumbList","@id":"https:\/\/amacreama.com\/litografia\/#breadcrumb","itemListElement":[{"@type":"ListItem","position":1,"name":"Home","item":"https:\/\/amacreama.com\/"},{"@type":"ListItem","position":2,"name":"Litografia"}]},{"@type":"WebSite","@id":"https:\/\/amacreama.com\/en\/#website","url":"https:\/\/amacreama.com\/en\/","name":"Amacreama","description":"amacreama","publisher":{"@id":"https:\/\/amacreama.com\/en\/#organization"},"potentialAction":[{"@type":"SearchAction","target":{"@type":"EntryPoint","urlTemplate":"https:\/\/amacreama.com\/en\/?s={search_term_string}"},"query-input":{"@type":"PropertyValueSpecification","valueRequired":true,"valueName":"search_term_string"}}],"inLanguage":"en-GB"},{"@type":"Organization","@id":"https:\/\/amacreama.com\/en\/#organization","name":"Ama Creama","url":"https:\/\/amacreama.com\/en\/","logo":{"@type":"ImageObject","inLanguage":"en-GB","@id":"https:\/\/amacreama.com\/en\/#\/schema\/logo\/image\/","url":"https:\/\/amacreama.com\/wp-content\/uploads\/2020\/04\/logoop.jpg","contentUrl":"https:\/\/amacreama.com\/wp-content\/uploads\/2020\/04\/logoop.jpg","width":459,"height":230,"caption":"Ama Creama"},"image":{"@id":"https:\/\/amacreama.com\/en\/#\/schema\/logo\/image\/"}}]}},"jetpack_sharing_enabled":true,"_links":{"self":[{"href":"https:\/\/amacreama.com\/en\/wp-json\/wp\/v2\/pages\/1321","targetHints":{"allow":["GET"]}}],"collection":[{"href":"https:\/\/amacreama.com\/en\/wp-json\/wp\/v2\/pages"}],"about":[{"href":"https:\/\/amacreama.com\/en\/wp-json\/wp\/v2\/types\/page"}],"author":[{"embeddable":true,"href":"https:\/\/amacreama.com\/en\/wp-json\/wp\/v2\/users\/3"}],"replies":[{"embeddable":true,"href":"https:\/\/amacreama.com\/en\/wp-json\/wp\/v2\/comments?post=1321"}],"version-history":[{"count":0,"href":"https:\/\/amacreama.com\/en\/wp-json\/wp\/v2\/pages\/1321\/revisions"}],"wp:attachment":[{"href":"https:\/\/amacreama.com\/en\/wp-json\/wp\/v2\/media?parent=1321"}],"curies":[{"name":"wp","href":"https:\/\/api.w.org\/{rel}","templated":true}]}}